{"id":134,"date":"2021-09-17T10:31:27","date_gmt":"2021-09-17T08:31:27","guid":{"rendered":"https:\/\/www.minerve-assu.fr\/assurances\/?page_id=134"},"modified":"2024-08-01T13:04:36","modified_gmt":"2024-08-01T11:04:36","slug":"risques-speciaux","status":"publish","type":"page","link":"https:\/\/www.minerve-assu.fr\/assurances\/index.php\/risques-speciaux\/","title":{"rendered":"Risques sp\u00e9ciaux"},"content":{"rendered":"\n<h3 class=\"wp-block-heading has-text-align-center\"><em>En d\u00e9pit de l&rsquo;existence d&rsquo;un large \u00e9ventail de garanties types, il arrive souvent que certains des besoins d&rsquo;assurances ressentis par l&rsquo;entreprise ne correspondent \u00e0 aucune des formules propos\u00e9es. <\/em><\/h3>\n\n\n\n<h3 class=\"wp-block-heading has-text-align-center\"><em>Pour r\u00e9pondre \u00e0 ces besoins non satisfaits, certains assureurs ont cr\u00e9\u00e9 une garantie particuli\u00e8re, celle des risques dits \u00ab\u00a0sp\u00e9ciaux\u00a0\u00bb.<br><br>Sont g\u00e9n\u00e9ralement consid\u00e9r\u00e9s comme risques sp\u00e9ciaux, les risques pour lesquels on ne dispose pas d&rsquo;\u00e9l\u00e9ments statistiques, ou qui n\u00e9cessitent des \u00e9tudes particuli\u00e8res.<\/em><\/h3>\n\n\n\n<h3 class=\"wp-block-heading has-text-align-center\"><em> Mais ceux-ci se d\u00e9finissent mieux par le contexte que par leurs caract\u00e9ristiques techniques.<\/em><\/h3>\n\n\n\n<h3 class=\"wp-block-heading has-text-align-center\"><em>Pour une \u00e9tude de vos besoins contacter nous<\/em><\/h3>\n\n\n<div class=\"wp-block-image\">\n<figure class=\"aligncenter size-full is-resized\"><img loading=\"lazy\" decoding=\"async\" width=\"400\" height=\"266\" src=\"https:\/\/www.minerve-assu.fr\/assurances\/wp-content\/uploads\/2021\/09\/image-2.png\" alt=\"\" class=\"wp-image-98\" style=\"width:440px;height:293px\" srcset=\"https:\/\/www.minerve-assu.fr\/assurances\/wp-content\/uploads\/2021\/09\/image-2.png 400w, https:\/\/www.minerve-assu.fr\/assurances\/wp-content\/uploads\/2021\/09\/image-2-300x200.png 300w\" sizes=\"auto, (max-width: 400px) 100vw, 400px\" \/><\/figure><\/div>","protected":false},"excerpt":{"rendered":"<p>En d\u00e9pit de l&rsquo;existence d&rsquo;un large \u00e9ventail de garanties types, il arrive souvent que certains des besoins d&rsquo;assurances ressentis par l&rsquo;entreprise ne correspondent \u00e0 aucune des formules propos\u00e9es. Pour r\u00e9pondre [&hellip;]<\/p>\n","protected":false},"author":1,"featured_media":0,"parent":0,"menu_order":0,"comment_status":"closed","ping_status":"closed","template":"","meta":{"footnotes":""},"class_list":["post-134","page","type-page","status-publish","hentry"],"yoast_head":"<!-- This site is optimized with the Yoast SEO plugin v26.4 - https:\/\/yoast.com\/wordpress\/plugins\/seo\/ -->\n<title>Risques sp\u00e9ciaux - Minerve assurances<\/title>\n<meta name=\"robots\" content=\"index, follow, max-snippet:-1, max-image-preview:large, max-video-preview:-1\" \/>\n<link rel=\"canonical\" href=\"https:\/\/www.minerve-assu.fr\/assurances\/index.php\/risques-speciaux\/\" \/>\n<meta property=\"og:locale\" content=\"fr_FR\" \/>\n<meta property=\"og:type\" content=\"article\" \/>\n<meta property=\"og:title\" content=\"Risques sp\u00e9ciaux - Minerve assurances\" \/>\n<meta property=\"og:description\" content=\"En d\u00e9pit de l&rsquo;existence d&rsquo;un large \u00e9ventail de garanties types, il arrive souvent que certains des besoins d&rsquo;assurances ressentis par l&rsquo;entreprise ne correspondent \u00e0 aucune des formules propos\u00e9es. Pour r\u00e9pondre [&hellip;]\" \/>\n<meta property=\"og:url\" content=\"https:\/\/www.minerve-assu.fr\/assurances\/index.php\/risques-speciaux\/\" \/>\n<meta property=\"og:site_name\" content=\"Minerve assurances\" \/>\n<meta property=\"article:publisher\" content=\"https:\/\/www.facebook.com\/Minerve-Assurances-109771241497345\" \/>\n<meta property=\"article:modified_time\" content=\"2024-08-01T11:04:36+00:00\" \/>\n<meta property=\"og:image\" content=\"https:\/\/www.minerve-assu.fr\/assurances\/wp-content\/uploads\/2021\/09\/image-2.png\" \/>\n<meta name=\"twitter:card\" content=\"summary_large_image\" \/>\n<meta name=\"twitter:label1\" content=\"Dur\u00e9e de lecture estim\u00e9e\" \/>\n\t<meta name=\"twitter:data1\" content=\"1 minute\" \/>\n<script type=\"application\/ld+json\" class=\"yoast-schema-graph\">{\"@context\":\"https:\/\/schema.org\",\"@graph\":[{\"@type\":\"WebPage\",\"@id\":\"https:\/\/www.minerve-assu.fr\/assurances\/index.php\/risques-speciaux\/\",\"url\":\"https:\/\/www.minerve-assu.fr\/assurances\/index.php\/risques-speciaux\/\",\"name\":\"Risques sp\u00e9ciaux - Minerve assurances\",\"isPartOf\":{\"@id\":\"https:\/\/www.minerve-assu.fr\/assurances\/#website\"},\"primaryImageOfPage\":{\"@id\":\"https:\/\/www.minerve-assu.fr\/assurances\/index.php\/risques-speciaux\/#primaryimage\"},\"image\":{\"@id\":\"https:\/\/www.minerve-assu.fr\/assurances\/index.php\/risques-speciaux\/#primaryimage\"},\"thumbnailUrl\":\"https:\/\/www.minerve-assu.fr\/assurances\/wp-content\/uploads\/2021\/09\/image-2.png\",\"datePublished\":\"2021-09-17T08:31:27+00:00\",\"dateModified\":\"2024-08-01T11:04:36+00:00\",\"breadcrumb\":{\"@id\":\"https:\/\/www.minerve-assu.fr\/assurances\/index.php\/risques-speciaux\/#breadcrumb\"},\"inLanguage\":\"fr-FR\",\"potentialAction\":[{\"@type\":\"ReadAction\",\"target\":[\"https:\/\/www.minerve-assu.fr\/assurances\/index.php\/risques-speciaux\/\"]}]},{\"@type\":\"ImageObject\",\"inLanguage\":\"fr-FR\",\"@id\":\"https:\/\/www.minerve-assu.fr\/assurances\/index.php\/risques-speciaux\/#primaryimage\",\"url\":\"https:\/\/www.minerve-assu.fr\/assurances\/wp-content\/uploads\/2021\/09\/image-2.png\",\"contentUrl\":\"https:\/\/www.minerve-assu.fr\/assurances\/wp-content\/uploads\/2021\/09\/image-2.png\",\"width\":400,\"height\":266},{\"@type\":\"BreadcrumbList\",\"@id\":\"https:\/\/www.minerve-assu.fr\/assurances\/index.php\/risques-speciaux\/#breadcrumb\",\"itemListElement\":[{\"@type\":\"ListItem\",\"position\":1,\"name\":\"Accueil\",\"item\":\"https:\/\/www.minerve-assu.fr\/assurances\/\"},{\"@type\":\"ListItem\",\"position\":2,\"name\":\"Risques sp\u00e9ciaux\"}]},{\"@type\":\"WebSite\",\"@id\":\"https:\/\/www.minerve-assu.fr\/assurances\/#website\",\"url\":\"https:\/\/www.minerve-assu.fr\/assurances\/\",\"name\":\"Minerve assurances\",\"description\":\"Groupe SAGESSE Bourges Tel: 06 31 68 11 92\",\"publisher\":{\"@id\":\"https:\/\/www.minerve-assu.fr\/assurances\/#organization\"},\"potentialAction\":[{\"@type\":\"SearchAction\",\"target\":{\"@type\":\"EntryPoint\",\"urlTemplate\":\"https:\/\/www.minerve-assu.fr\/assurances\/?s={search_term_string}\"},\"query-input\":{\"@type\":\"PropertyValueSpecification\",\"valueRequired\":true,\"valueName\":\"search_term_string\"}}],\"inLanguage\":\"fr-FR\"},{\"@type\":\"Organization\",\"@id\":\"https:\/\/www.minerve-assu.fr\/assurances\/#organization\",\"name\":\"MINERVE ASSURANCES\",\"url\":\"https:\/\/www.minerve-assu.fr\/assurances\/\",\"logo\":{\"@type\":\"ImageObject\",\"inLanguage\":\"fr-FR\",\"@id\":\"https:\/\/www.minerve-assu.fr\/assurances\/#\/schema\/logo\/image\/\",\"url\":\"https:\/\/www.minerve-assu.fr\/assurances\/wp-content\/uploads\/2021\/05\/ch1.png\",\"contentUrl\":\"https:\/\/www.minerve-assu.fr\/assurances\/wp-content\/uploads\/2021\/05\/ch1.png\",\"width\":173,\"height\":84,\"caption\":\"MINERVE ASSURANCES\"},\"image\":{\"@id\":\"https:\/\/www.minerve-assu.fr\/assurances\/#\/schema\/logo\/image\/\"},\"sameAs\":[\"https:\/\/www.facebook.com\/Minerve-Assurances-109771241497345\"]}]}<\/script>\n<!-- \/ Yoast SEO plugin. -->","yoast_head_json":{"title":"Risques sp\u00e9ciaux - Minerve assurances","robots":{"index":"index","follow":"follow","max-snippet":"max-snippet:-1","max-image-preview":"max-image-preview:large","max-video-preview":"max-video-preview:-1"},"canonical":"https:\/\/www.minerve-assu.fr\/assurances\/index.php\/risques-speciaux\/","og_locale":"fr_FR","og_type":"article","og_title":"Risques sp\u00e9ciaux - Minerve assurances","og_description":"En d\u00e9pit de l&rsquo;existence d&rsquo;un large \u00e9ventail de garanties types, il arrive souvent que certains des besoins d&rsquo;assurances ressentis par l&rsquo;entreprise ne correspondent \u00e0 aucune des formules propos\u00e9es. Pour r\u00e9pondre [&hellip;]","og_url":"https:\/\/www.minerve-assu.fr\/assurances\/index.php\/risques-speciaux\/","og_site_name":"Minerve assurances","article_publisher":"https:\/\/www.facebook.com\/Minerve-Assurances-109771241497345","article_modified_time":"2024-08-01T11:04:36+00:00","og_image":[{"url":"https:\/\/www.minerve-assu.fr\/assurances\/wp-content\/uploads\/2021\/09\/image-2.png","type":"","width":"","height":""}],"twitter_card":"summary_large_image","twitter_misc":{"Dur\u00e9e de lecture estim\u00e9e":"1 minute"},"schema":{"@context":"https:\/\/schema.org","@graph":[{"@type":"WebPage","@id":"https:\/\/www.minerve-assu.fr\/assurances\/index.php\/risques-speciaux\/","url":"https:\/\/www.minerve-assu.fr\/assurances\/index.php\/risques-speciaux\/","name":"Risques sp\u00e9ciaux - Minerve assurances","isPartOf":{"@id":"https:\/\/www.minerve-assu.fr\/assurances\/#website"},"primaryImageOfPage":{"@id":"https:\/\/www.minerve-assu.fr\/assurances\/index.php\/risques-speciaux\/#primaryimage"},"image":{"@id":"https:\/\/www.minerve-assu.fr\/assurances\/index.php\/risques-speciaux\/#primaryimage"},"thumbnailUrl":"https:\/\/www.minerve-assu.fr\/assurances\/wp-content\/uploads\/2021\/09\/image-2.png","datePublished":"2021-09-17T08:31:27+00:00","dateModified":"2024-08-01T11:04:36+00:00","breadcrumb":{"@id":"https:\/\/www.minerve-assu.fr\/assurances\/index.php\/risques-speciaux\/#breadcrumb"},"inLanguage":"fr-FR","potentialAction":[{"@type":"ReadAction","target":["https:\/\/www.minerve-assu.fr\/assurances\/index.php\/risques-speciaux\/"]}]},{"@type":"ImageObject","inLanguage":"fr-FR","@id":"https:\/\/www.minerve-assu.fr\/assurances\/index.php\/risques-speciaux\/#primaryimage","url":"https:\/\/www.minerve-assu.fr\/assurances\/wp-content\/uploads\/2021\/09\/image-2.png","contentUrl":"https:\/\/www.minerve-assu.fr\/assurances\/wp-content\/uploads\/2021\/09\/image-2.png","width":400,"height":266},{"@type":"BreadcrumbList","@id":"https:\/\/www.minerve-assu.fr\/assurances\/index.php\/risques-speciaux\/#breadcrumb","itemListElement":[{"@type":"ListItem","position":1,"name":"Accueil","item":"https:\/\/www.minerve-assu.fr\/assurances\/"},{"@type":"ListItem","position":2,"name":"Risques sp\u00e9ciaux"}]},{"@type":"WebSite","@id":"https:\/\/www.minerve-assu.fr\/assurances\/#website","url":"https:\/\/www.minerve-assu.fr\/assurances\/","name":"Minerve assurances","description":"Groupe SAGESSE Bourges Tel: 06 31 68 11 92","publisher":{"@id":"https:\/\/www.minerve-assu.fr\/assurances\/#organization"},"potentialAction":[{"@type":"SearchAction","target":{"@type":"EntryPoint","urlTemplate":"https:\/\/www.minerve-assu.fr\/assurances\/?s={search_term_string}"},"query-input":{"@type":"PropertyValueSpecification","valueRequired":true,"valueName":"search_term_string"}}],"inLanguage":"fr-FR"},{"@type":"Organization","@id":"https:\/\/www.minerve-assu.fr\/assurances\/#organization","name":"MINERVE ASSURANCES","url":"https:\/\/www.minerve-assu.fr\/assurances\/","logo":{"@type":"ImageObject","inLanguage":"fr-FR","@id":"https:\/\/www.minerve-assu.fr\/assurances\/#\/schema\/logo\/image\/","url":"https:\/\/www.minerve-assu.fr\/assurances\/wp-content\/uploads\/2021\/05\/ch1.png","contentUrl":"https:\/\/www.minerve-assu.fr\/assurances\/wp-content\/uploads\/2021\/05\/ch1.png","width":173,"height":84,"caption":"MINERVE ASSURANCES"},"image":{"@id":"https:\/\/www.minerve-assu.fr\/assurances\/#\/schema\/logo\/image\/"},"sameAs":["https:\/\/www.facebook.com\/Minerve-Assurances-109771241497345"]}]}},"_links":{"self":[{"href":"https:\/\/www.minerve-assu.fr\/assurances\/index.php\/wp-json\/wp\/v2\/pages\/134","targetHints":{"allow":["GET"]}}],"collection":[{"href":"https:\/\/www.minerve-assu.fr\/assurances\/index.php\/wp-json\/wp\/v2\/pages"}],"about":[{"href":"https:\/\/www.minerve-assu.fr\/assurances\/index.php\/wp-json\/wp\/v2\/types\/page"}],"author":[{"embeddable":true,"href":"https:\/\/www.minerve-assu.fr\/assurances\/index.php\/wp-json\/wp\/v2\/users\/1"}],"replies":[{"embeddable":true,"href":"https:\/\/www.minerve-assu.fr\/assurances\/index.php\/wp-json\/wp\/v2\/comments?post=134"}],"version-history":[{"count":4,"href":"https:\/\/www.minerve-assu.fr\/assurances\/index.php\/wp-json\/wp\/v2\/pages\/134\/revisions"}],"predecessor-version":[{"id":593,"href":"https:\/\/www.minerve-assu.fr\/assurances\/index.php\/wp-json\/wp\/v2\/pages\/134\/revisions\/593"}],"wp:attachment":[{"href":"https:\/\/www.minerve-assu.fr\/assurances\/index.php\/wp-json\/wp\/v2\/media?parent=134"}],"curies":[{"name":"wp","href":"https:\/\/api.w.org\/{rel}","templated":true}]}}