{"id":21,"date":"2021-05-30T11:51:33","date_gmt":"2021-05-30T09:51:33","guid":{"rendered":"https:\/\/www.minerve-assu.fr\/assurances\/?page_id=21"},"modified":"2024-01-02T19:18:33","modified_gmt":"2024-01-02T18:18:33","slug":"vierzon-et-mehun-sur-yevre","status":"publish","type":"page","link":"https:\/\/www.minerve-assu.fr\/assurances\/","title":{"rendered":"MINERVE ASSURANCES                                   VOTRE ASSUREUR CONSEIL PRES DE CHEZ VOUS"},"content":{"rendered":"\n<figure class=\"wp-block-image size-full is-resized\"><a href=\"https:\/\/assurances-bourges.sagesse.fr\/\"><img loading=\"lazy\" decoding=\"async\" width=\"700\" height=\"263\" src=\"https:\/\/www.minerve-assu.fr\/assurances\/wp-content\/uploads\/2023\/10\/image-1.png\" alt=\"\" class=\"wp-image-461\" style=\"aspect-ratio:2.6666666666666665;width:837px;height:auto\" srcset=\"https:\/\/www.minerve-assu.fr\/assurances\/wp-content\/uploads\/2023\/10\/image-1.png 700w, https:\/\/www.minerve-assu.fr\/assurances\/wp-content\/uploads\/2023\/10\/image-1-300x113.png 300w\" sizes=\"auto, (max-width: 700px) 100vw, 700px\" \/><\/a><\/figure>\n\n\n\n<p class=\"has-text-align-center\">Que vous soyez professionnel ou particulier, pour votre entreprise quelle que soit sa taille,<\/p>\n\n\n\n<p class=\"has-text-align-center\"> <strong>pour votre maison, votre voiture ,votre compl\u00e9mentaire sant\u00e9, ou&nbsp;des garanties sp\u00e9cifiques<\/strong>,<\/p>\n\n\n\n<p class=\"has-text-align-center\"> implant\u00e9 sur le secteur de<strong>&nbsp;Vierzon et Mehun sur Y\u00e8vre<\/strong>, je propose les garanties<\/p>\n\n\n\n<p class=\"has-text-align-center\"> r\u00e9pondant \u00e0 vos besoins ,au juste prix, en toute ind\u00e9pendance,<\/p>\n\n\n\n<p class=\"has-text-align-center\"> en vous donnant acc\u00e8s aux sp\u00e9cialistes connus et reconnus du march\u00e9<\/p>\n\n\n\n<div class=\"wp-block-buttons is-content-justification-center is-layout-flex wp-container-core-buttons-is-layout-16018d1d wp-block-buttons-is-layout-flex\">\n<div class=\"wp-block-button has-custom-width wp-block-button__width-75 has-custom-font-size is-style-outline is-style-outline--1\" style=\"font-size:28px\"><a class=\"wp-block-button__link has-pale-cyan-blue-color has-white-background-color has-text-color has-background wp-element-button\" href=\"https:\/\/www.minerve-assu.fr\/assurances\/index.php\/contact\/\" style=\"border-radius:20px\">Soyez curieux renseignez vous<\/a><\/div>\n<\/div>\n\n\n\n<p class=\"has-text-align-center\"><strong>Vous ressentez que&nbsp;vos assurances ont besoin d\u2019un check-up complet ?<\/strong><\/p>\n\n\n<div class=\"wp-block-image is-resized\">\n<figure class=\"aligncenter\"><a href=\"https:\/\/www.minerve-assu.fr\/assurances\/index.php\/contact\/\"><img decoding=\"async\" src=\"https:\/\/image.freepik.com\/photos-gratuite\/voyante-coup-homme-telephone_23-2148539842.jpg\" alt=\"Voyante, Coup, Homme, T\u00e9l\u00e9phone | Photo Gratuite\" style=\"aspect-ratio:1.7784090909090908;width:516px;height:auto\"\/><\/a><\/figure><\/div>\n\n\n<p class=\"has-text-align-center\">Mais vous ne savez pas comment vous y prendre\u2026<\/p>\n\n\n\n<ul class=\"wp-block-list\">\n<li> Vos garanties sont-elles suffisantes en cas de sinistre ?<\/li>\n\n\n\n<li> Vos primes ne sont-elles pas trop \u00e9lev\u00e9es ?<\/li>\n\n\n\n<li> \u00cates-vous op\u00e9rationnel dans la&nbsp;gestion des risques encourus au niveau professionnel ou priv\u00e9&nbsp; ?<\/li>\n<\/ul>\n\n\n\n<p class=\"has-text-align-center\">En un mot, vous avez besoin d\u2019\u00eatre conseill\u00e9 pour l\u2019\u00e9valuation de votre couverture assurantiel.<\/p>\n\n\n\n<div class=\"wp-block-buttons is-content-justification-center is-layout-flex wp-container-core-buttons-is-layout-16018d1d wp-block-buttons-is-layout-flex\">\n<div class=\"wp-block-button\"><a class=\"wp-block-button__link has-black-color has-text-color has-background has-link-color has-text-align-center wp-element-button\" href=\"https:\/\/www.minerve-assu.fr\/assurances\/index.php\/audit\/\" style=\"background-color:#ff6a00c2\"><strong>AUDIT ENTREPRISE<\/strong><\/a><\/div>\n<\/div>\n","protected":false},"excerpt":{"rendered":"<p>Que vous soyez professionnel ou particulier, pour votre entreprise quelle que soit sa taille, pour votre maison, votre voiture ,votre compl\u00e9mentaire sant\u00e9, ou&nbsp;des garanties sp\u00e9cifiques, implant\u00e9 sur le secteur de&nbsp;Vierzon [&hellip;]<\/p>\n","protected":false},"author":1,"featured_media":0,"parent":0,"menu_order":0,"comment_status":"closed","ping_status":"closed","template":"","meta":{"footnotes":""},"class_list":["post-21","page","type-page","status-publish","hentry"],"yoast_head":"<!-- This site is optimized with the Yoast SEO plugin v26.4 - https:\/\/yoast.com\/wordpress\/plugins\/seo\/ -->\n<title>MINERVE ASSURANCES                  VOTRE ASSUREUR CONSEIL PRES DE CHEZ VOUS - Minerve assurances<\/title>\n<meta name=\"description\" content=\"Sur Vierzon et Mehun sur Y\u00e8vre ,votre contrat pour votre maison,votre voiture ,votre compl\u00e9mentaire sant\u00e9, votre entreprise, .\" \/>\n<meta name=\"robots\" content=\"index, follow, max-snippet:-1, max-image-preview:large, max-video-preview:-1\" \/>\n<link rel=\"canonical\" href=\"https:\/\/www.minerve-assu.fr\/assurances\/\" \/>\n<meta property=\"og:locale\" content=\"fr_FR\" \/>\n<meta property=\"og:type\" content=\"article\" \/>\n<meta property=\"og:title\" content=\"MINERVE ASSURANCES                  VOTRE ASSUREUR CONSEIL PRES DE CHEZ VOUS - Minerve assurances\" \/>\n<meta property=\"og:description\" content=\"Sur Vierzon et Mehun sur Y\u00e8vre ,votre contrat pour votre maison,votre voiture ,votre compl\u00e9mentaire sant\u00e9, votre entreprise, .\" \/>\n<meta property=\"og:url\" content=\"https:\/\/www.minerve-assu.fr\/assurances\/\" \/>\n<meta property=\"og:site_name\" content=\"Minerve assurances\" \/>\n<meta property=\"article:publisher\" content=\"https:\/\/www.facebook.com\/Minerve-Assurances-109771241497345\" \/>\n<meta property=\"article:modified_time\" content=\"2024-01-02T18:18:33+00:00\" \/>\n<meta property=\"og:image\" content=\"https:\/\/www.minerve-assu.fr\/assurances\/wp-content\/uploads\/2023\/10\/image-1.png\" \/>\n<meta name=\"twitter:card\" content=\"summary_large_image\" \/>\n<meta name=\"twitter:label1\" content=\"Dur\u00e9e de lecture estim\u00e9e\" \/>\n\t<meta name=\"twitter:data1\" content=\"2 minutes\" \/>\n<script type=\"application\/ld+json\" class=\"yoast-schema-graph\">{\"@context\":\"https:\/\/schema.org\",\"@graph\":[{\"@type\":\"WebPage\",\"@id\":\"https:\/\/www.minerve-assu.fr\/assurances\/\",\"url\":\"https:\/\/www.minerve-assu.fr\/assurances\/\",\"name\":\"MINERVE ASSURANCES VOTRE ASSUREUR CONSEIL PRES DE CHEZ VOUS - Minerve assurances\",\"isPartOf\":{\"@id\":\"https:\/\/www.minerve-assu.fr\/assurances\/#website\"},\"primaryImageOfPage\":{\"@id\":\"https:\/\/www.minerve-assu.fr\/assurances\/#primaryimage\"},\"image\":{\"@id\":\"https:\/\/www.minerve-assu.fr\/assurances\/#primaryimage\"},\"thumbnailUrl\":\"https:\/\/www.minerve-assu.fr\/assurances\/wp-content\/uploads\/2023\/10\/image-1.png\",\"datePublished\":\"2021-05-30T09:51:33+00:00\",\"dateModified\":\"2024-01-02T18:18:33+00:00\",\"description\":\"Sur Vierzon et Mehun sur Y\u00e8vre ,votre contrat pour votre maison,votre voiture ,votre compl\u00e9mentaire sant\u00e9, votre entreprise, .\",\"breadcrumb\":{\"@id\":\"https:\/\/www.minerve-assu.fr\/assurances\/#breadcrumb\"},\"inLanguage\":\"fr-FR\",\"potentialAction\":[{\"@type\":\"ReadAction\",\"target\":[\"https:\/\/www.minerve-assu.fr\/assurances\/\"]}]},{\"@type\":\"ImageObject\",\"inLanguage\":\"fr-FR\",\"@id\":\"https:\/\/www.minerve-assu.fr\/assurances\/#primaryimage\",\"url\":\"https:\/\/www.minerve-assu.fr\/assurances\/wp-content\/uploads\/2023\/10\/image-1.png\",\"contentUrl\":\"https:\/\/www.minerve-assu.fr\/assurances\/wp-content\/uploads\/2023\/10\/image-1.png\",\"width\":700,\"height\":263},{\"@type\":\"BreadcrumbList\",\"@id\":\"https:\/\/www.minerve-assu.fr\/assurances\/#breadcrumb\",\"itemListElement\":[{\"@type\":\"ListItem\",\"position\":1,\"name\":\"Accueil\",\"item\":\"https:\/\/www.minerve-assu.fr\/assurances\/\"},{\"@type\":\"ListItem\",\"position\":2,\"name\":\"MINERVE ASSURANCES VOTRE ASSUREUR CONSEIL PRES DE CHEZ VOUS\"}]},{\"@type\":\"WebSite\",\"@id\":\"https:\/\/www.minerve-assu.fr\/assurances\/#website\",\"url\":\"https:\/\/www.minerve-assu.fr\/assurances\/\",\"name\":\"Minerve assurances\",\"description\":\"Groupe SAGESSE Bourges Tel: 06 31 68 11 92\",\"publisher\":{\"@id\":\"https:\/\/www.minerve-assu.fr\/assurances\/#organization\"},\"potentialAction\":[{\"@type\":\"SearchAction\",\"target\":{\"@type\":\"EntryPoint\",\"urlTemplate\":\"https:\/\/www.minerve-assu.fr\/assurances\/?s={search_term_string}\"},\"query-input\":{\"@type\":\"PropertyValueSpecification\",\"valueRequired\":true,\"valueName\":\"search_term_string\"}}],\"inLanguage\":\"fr-FR\"},{\"@type\":\"Organization\",\"@id\":\"https:\/\/www.minerve-assu.fr\/assurances\/#organization\",\"name\":\"MINERVE ASSURANCES\",\"url\":\"https:\/\/www.minerve-assu.fr\/assurances\/\",\"logo\":{\"@type\":\"ImageObject\",\"inLanguage\":\"fr-FR\",\"@id\":\"https:\/\/www.minerve-assu.fr\/assurances\/#\/schema\/logo\/image\/\",\"url\":\"https:\/\/www.minerve-assu.fr\/assurances\/wp-content\/uploads\/2021\/05\/ch1.png\",\"contentUrl\":\"https:\/\/www.minerve-assu.fr\/assurances\/wp-content\/uploads\/2021\/05\/ch1.png\",\"width\":173,\"height\":84,\"caption\":\"MINERVE ASSURANCES\"},\"image\":{\"@id\":\"https:\/\/www.minerve-assu.fr\/assurances\/#\/schema\/logo\/image\/\"},\"sameAs\":[\"https:\/\/www.facebook.com\/Minerve-Assurances-109771241497345\"]}]}<\/script>\n<!-- \/ Yoast SEO plugin. -->","yoast_head_json":{"title":"MINERVE ASSURANCES                  VOTRE ASSUREUR CONSEIL PRES DE CHEZ VOUS - Minerve assurances","description":"Sur Vierzon et Mehun sur Y\u00e8vre ,votre contrat pour votre maison,votre voiture ,votre compl\u00e9mentaire sant\u00e9, votre entreprise, .","robots":{"index":"index","follow":"follow","max-snippet":"max-snippet:-1","max-image-preview":"max-image-preview:large","max-video-preview":"max-video-preview:-1"},"canonical":"https:\/\/www.minerve-assu.fr\/assurances\/","og_locale":"fr_FR","og_type":"article","og_title":"MINERVE ASSURANCES                  VOTRE ASSUREUR CONSEIL PRES DE CHEZ VOUS - Minerve assurances","og_description":"Sur Vierzon et Mehun sur Y\u00e8vre ,votre contrat pour votre maison,votre voiture ,votre compl\u00e9mentaire sant\u00e9, votre entreprise, .","og_url":"https:\/\/www.minerve-assu.fr\/assurances\/","og_site_name":"Minerve assurances","article_publisher":"https:\/\/www.facebook.com\/Minerve-Assurances-109771241497345","article_modified_time":"2024-01-02T18:18:33+00:00","og_image":[{"url":"https:\/\/www.minerve-assu.fr\/assurances\/wp-content\/uploads\/2023\/10\/image-1.png","type":"","width":"","height":""}],"twitter_card":"summary_large_image","twitter_misc":{"Dur\u00e9e de lecture estim\u00e9e":"2 minutes"},"schema":{"@context":"https:\/\/schema.org","@graph":[{"@type":"WebPage","@id":"https:\/\/www.minerve-assu.fr\/assurances\/","url":"https:\/\/www.minerve-assu.fr\/assurances\/","name":"MINERVE ASSURANCES VOTRE ASSUREUR CONSEIL PRES DE CHEZ VOUS - Minerve assurances","isPartOf":{"@id":"https:\/\/www.minerve-assu.fr\/assurances\/#website"},"primaryImageOfPage":{"@id":"https:\/\/www.minerve-assu.fr\/assurances\/#primaryimage"},"image":{"@id":"https:\/\/www.minerve-assu.fr\/assurances\/#primaryimage"},"thumbnailUrl":"https:\/\/www.minerve-assu.fr\/assurances\/wp-content\/uploads\/2023\/10\/image-1.png","datePublished":"2021-05-30T09:51:33+00:00","dateModified":"2024-01-02T18:18:33+00:00","description":"Sur Vierzon et Mehun sur Y\u00e8vre ,votre contrat pour votre maison,votre voiture ,votre compl\u00e9mentaire sant\u00e9, votre entreprise, .","breadcrumb":{"@id":"https:\/\/www.minerve-assu.fr\/assurances\/#breadcrumb"},"inLanguage":"fr-FR","potentialAction":[{"@type":"ReadAction","target":["https:\/\/www.minerve-assu.fr\/assurances\/"]}]},{"@type":"ImageObject","inLanguage":"fr-FR","@id":"https:\/\/www.minerve-assu.fr\/assurances\/#primaryimage","url":"https:\/\/www.minerve-assu.fr\/assurances\/wp-content\/uploads\/2023\/10\/image-1.png","contentUrl":"https:\/\/www.minerve-assu.fr\/assurances\/wp-content\/uploads\/2023\/10\/image-1.png","width":700,"height":263},{"@type":"BreadcrumbList","@id":"https:\/\/www.minerve-assu.fr\/assurances\/#breadcrumb","itemListElement":[{"@type":"ListItem","position":1,"name":"Accueil","item":"https:\/\/www.minerve-assu.fr\/assurances\/"},{"@type":"ListItem","position":2,"name":"MINERVE ASSURANCES VOTRE ASSUREUR CONSEIL PRES DE CHEZ VOUS"}]},{"@type":"WebSite","@id":"https:\/\/www.minerve-assu.fr\/assurances\/#website","url":"https:\/\/www.minerve-assu.fr\/assurances\/","name":"Minerve assurances","description":"Groupe SAGESSE Bourges Tel: 06 31 68 11 92","publisher":{"@id":"https:\/\/www.minerve-assu.fr\/assurances\/#organization"},"potentialAction":[{"@type":"SearchAction","target":{"@type":"EntryPoint","urlTemplate":"https:\/\/www.minerve-assu.fr\/assurances\/?s={search_term_string}"},"query-input":{"@type":"PropertyValueSpecification","valueRequired":true,"valueName":"search_term_string"}}],"inLanguage":"fr-FR"},{"@type":"Organization","@id":"https:\/\/www.minerve-assu.fr\/assurances\/#organization","name":"MINERVE ASSURANCES","url":"https:\/\/www.minerve-assu.fr\/assurances\/","logo":{"@type":"ImageObject","inLanguage":"fr-FR","@id":"https:\/\/www.minerve-assu.fr\/assurances\/#\/schema\/logo\/image\/","url":"https:\/\/www.minerve-assu.fr\/assurances\/wp-content\/uploads\/2021\/05\/ch1.png","contentUrl":"https:\/\/www.minerve-assu.fr\/assurances\/wp-content\/uploads\/2021\/05\/ch1.png","width":173,"height":84,"caption":"MINERVE ASSURANCES"},"image":{"@id":"https:\/\/www.minerve-assu.fr\/assurances\/#\/schema\/logo\/image\/"},"sameAs":["https:\/\/www.facebook.com\/Minerve-Assurances-109771241497345"]}]}},"_links":{"self":[{"href":"https:\/\/www.minerve-assu.fr\/assurances\/index.php\/wp-json\/wp\/v2\/pages\/21","targetHints":{"allow":["GET"]}}],"collection":[{"href":"https:\/\/www.minerve-assu.fr\/assurances\/index.php\/wp-json\/wp\/v2\/pages"}],"about":[{"href":"https:\/\/www.minerve-assu.fr\/assurances\/index.php\/wp-json\/wp\/v2\/types\/page"}],"author":[{"embeddable":true,"href":"https:\/\/www.minerve-assu.fr\/assurances\/index.php\/wp-json\/wp\/v2\/users\/1"}],"replies":[{"embeddable":true,"href":"https:\/\/www.minerve-assu.fr\/assurances\/index.php\/wp-json\/wp\/v2\/comments?post=21"}],"version-history":[{"count":82,"href":"https:\/\/www.minerve-assu.fr\/assurances\/index.php\/wp-json\/wp\/v2\/pages\/21\/revisions"}],"predecessor-version":[{"id":548,"href":"https:\/\/www.minerve-assu.fr\/assurances\/index.php\/wp-json\/wp\/v2\/pages\/21\/revisions\/548"}],"wp:attachment":[{"href":"https:\/\/www.minerve-assu.fr\/assurances\/index.php\/wp-json\/wp\/v2\/media?parent=21"}],"curies":[{"name":"wp","href":"https:\/\/api.w.org\/{rel}","templated":true}]}}