{"id":40,"date":"2021-05-31T12:21:22","date_gmt":"2021-05-31T10:21:22","guid":{"rendered":"https:\/\/www.minerve-assu.fr\/assurances\/?page_id=40"},"modified":"2024-01-02T19:33:26","modified_gmt":"2024-01-02T18:33:26","slug":"vierzon","status":"publish","type":"page","link":"https:\/\/www.minerve-assu.fr\/assurances\/index.php\/vierzon\/","title":{"rendered":"A propos"},"content":{"rendered":"\n<p class=\"has-text-align-center\"><strong>NOTRE R\u00d4LE  <\/strong><\/p>\n\n\n\n<p class=\"has-text-align-center\"><\/p>\n\n\n\n<p class=\"has-text-align-center\">Le r\u00f4le  de conseil se r\u00e9sume \u00e0 apporter,  aux entreprises et aux grand public , des solutions et des services personnalis\u00e9s leur permettant de se consacrer pleinement \u00e0 leurs projets.<\/p>\n\n\n<div class=\"wp-block-image\">\n<figure class=\"aligncenter size-full is-resized\"><img loading=\"lazy\" decoding=\"async\" width=\"318\" height=\"159\" src=\"https:\/\/www.minerve-assu.fr\/assurances\/wp-content\/uploads\/2024\/01\/images.jpeg\" alt=\"\" class=\"wp-image-551\" style=\"width:436px;height:auto\" srcset=\"https:\/\/www.minerve-assu.fr\/assurances\/wp-content\/uploads\/2024\/01\/images.jpeg 318w, https:\/\/www.minerve-assu.fr\/assurances\/wp-content\/uploads\/2024\/01\/images-300x150.jpeg 300w\" sizes=\"auto, (max-width: 318px) 100vw, 318px\" \/><\/figure><\/div>\n\n\n<p class=\"has-text-align-center\"><strong>NOTRE EXP\u00c9RIENCE<\/strong><\/p>\n\n\n\n<p class=\"has-text-align-center\"><em>\u00ab\u00a0Fort d\u2019une exp\u00e9rience de plus de 12 ans , j\u2019ai eu la chance de c\u00f4toyer une client\u00e8le vari\u00e9e pour laquelle j\u2019ai toujours eu \u00e0 c\u0153ur d&rsquo;apporter les solutions adapt\u00e9es et personnalis\u00e9es dans les domaines de l&rsquo;assurance&nbsp;(biens, pr\u00e9voyance &amp; responsabilit\u00e9s), toujours dans un esprit de conseil et de proximit\u00e9\u00a0\u00bb<\/em><\/p>\n\n\n\n<p class=\"has-text-align-center\"><strong>NOS FORCES<\/strong><\/p>\n\n\n\n<ul class=\"wp-block-list\">\n<li>Ma\u00eetrise des techniques de l&rsquo;offre \u00ab\u00a0Assurance\u00a0\u00bb<\/li>\n\n\n\n<li>Vision globale, synonyme de conseil adapt\u00e9 !<\/li>\n\n\n\n<li>Partenariats avec les principaux acteurs du march\u00e9<\/li>\n\n\n\n<li>Professionnalisme et rigueur<\/li>\n\n\n\n<li>R\u00e9activit\u00e9, disponibilit\u00e9 et proximit\u00e9<\/li>\n<\/ul>\n\n\n\n<p class=\"has-text-align-center\"><strong>NOS VALEURS<\/strong><\/p>\n\n\n\n<ul class=\"wp-block-list\">\n<li>Comprendre vos besoins pour mieux y r\u00e9pondre<\/li>\n\n\n\n<li>Vous proposez la meilleure solution, toujours dans votre int\u00e9r\u00eat !<\/li>\n\n\n\n<li>Apporter une expertise et une vision professionnelles<\/li>\n\n\n\n<li>Toujours rester neutre et ind\u00e9pendant vis \u00e0 vis des compagnies<\/li>\n\n\n\n<li>S&rsquo;adapter aux \u00e9volutions et contraintes du march\u00e9<\/li>\n<\/ul>\n\n\n\n<p class=\"has-text-align-center\"><strong>NOS ENGAGEMENTS<\/strong><\/p>\n\n\n\n<p class=\"has-text-align-center\">Soucieux de votre satisfaction, nous restons \u00e0 votre \u00e9coute pour r\u00e9pondre \u00e0 vos attentes.<br>Nous vous apporterons notre exp\u00e9rience et notre expertise pour r\u00e9ussir vos projets.<br><br><\/p>\n\n\n<div class=\"wp-block-image is-style-rounded\">\n<figure class=\"aligncenter size-full\"><img loading=\"lazy\" decoding=\"async\" width=\"500\" height=\"287\" src=\"https:\/\/www.minerve-assu.fr\/assurances\/wp-content\/uploads\/2021\/05\/Distrib-Assurances.jpg\" alt=\"\" class=\"wp-image-29\" srcset=\"https:\/\/www.minerve-assu.fr\/assurances\/wp-content\/uploads\/2021\/05\/Distrib-Assurances.jpg 500w, https:\/\/www.minerve-assu.fr\/assurances\/wp-content\/uploads\/2021\/05\/Distrib-Assurances-300x172.jpg 300w\" sizes=\"auto, (max-width: 500px) 100vw, 500px\" \/><\/figure><\/div>\n\n<div class=\"wp-block-image\">\n<figure class=\"aligncenter size-full\"><img loading=\"lazy\" decoding=\"async\" width=\"246\" height=\"233\" src=\"https:\/\/www.minerve-assu.fr\/assurances\/wp-content\/uploads\/2021\/11\/BadgeOrias.png\" alt=\"\" class=\"wp-image-262\"\/><figcaption class=\"wp-element-caption\">    <a href=\"https:\/\/www.orias.fr\/\">https:\/\/www.orias.fr\/<\/a><\/figcaption><\/figure><\/div>\n\n\n<p class=\"has-text-align-center\"><\/p>\n","protected":false},"excerpt":{"rendered":"<p>NOTRE R\u00d4LE Le r\u00f4le de conseil se r\u00e9sume \u00e0 apporter, aux entreprises et aux grand public , des solutions et des services personnalis\u00e9s leur permettant de se consacrer pleinement \u00e0 [&hellip;]<\/p>\n","protected":false},"author":1,"featured_media":0,"parent":0,"menu_order":0,"comment_status":"closed","ping_status":"closed","template":"","meta":{"footnotes":""},"class_list":["post-40","page","type-page","status-publish","hentry"],"yoast_head":"<!-- This site is optimized with the Yoast SEO plugin v26.4 - https:\/\/yoast.com\/wordpress\/plugins\/seo\/ -->\n<title>A propos - Minerve assurances<\/title>\n<meta name=\"robots\" content=\"index, follow, max-snippet:-1, max-image-preview:large, max-video-preview:-1\" \/>\n<link rel=\"canonical\" href=\"https:\/\/www.minerve-assu.fr\/assurances\/index.php\/vierzon\/\" \/>\n<meta property=\"og:locale\" content=\"fr_FR\" \/>\n<meta property=\"og:type\" content=\"article\" \/>\n<meta property=\"og:title\" content=\"A propos - Minerve assurances\" \/>\n<meta property=\"og:description\" content=\"NOTRE R\u00d4LE Le r\u00f4le de conseil se r\u00e9sume \u00e0 apporter, aux entreprises et aux grand public , des solutions et des services personnalis\u00e9s leur permettant de se consacrer pleinement \u00e0 [&hellip;]\" \/>\n<meta property=\"og:url\" content=\"https:\/\/www.minerve-assu.fr\/assurances\/index.php\/vierzon\/\" \/>\n<meta property=\"og:site_name\" content=\"Minerve assurances\" \/>\n<meta property=\"article:publisher\" content=\"https:\/\/www.facebook.com\/Minerve-Assurances-109771241497345\" \/>\n<meta property=\"article:modified_time\" content=\"2024-01-02T18:33:26+00:00\" \/>\n<meta property=\"og:image\" content=\"https:\/\/www.minerve-assu.fr\/assurances\/wp-content\/uploads\/2024\/01\/images.jpeg\" \/>\n<meta name=\"twitter:card\" content=\"summary_large_image\" \/>\n<meta name=\"twitter:label1\" content=\"Dur\u00e9e de lecture estim\u00e9e\" \/>\n\t<meta name=\"twitter:data1\" content=\"2 minutes\" \/>\n<script type=\"application\/ld+json\" class=\"yoast-schema-graph\">{\"@context\":\"https:\/\/schema.org\",\"@graph\":[{\"@type\":\"WebPage\",\"@id\":\"https:\/\/www.minerve-assu.fr\/assurances\/index.php\/vierzon\/\",\"url\":\"https:\/\/www.minerve-assu.fr\/assurances\/index.php\/vierzon\/\",\"name\":\"A propos - Minerve assurances\",\"isPartOf\":{\"@id\":\"https:\/\/www.minerve-assu.fr\/assurances\/#website\"},\"primaryImageOfPage\":{\"@id\":\"https:\/\/www.minerve-assu.fr\/assurances\/index.php\/vierzon\/#primaryimage\"},\"image\":{\"@id\":\"https:\/\/www.minerve-assu.fr\/assurances\/index.php\/vierzon\/#primaryimage\"},\"thumbnailUrl\":\"https:\/\/www.minerve-assu.fr\/assurances\/wp-content\/uploads\/2024\/01\/images.jpeg\",\"datePublished\":\"2021-05-31T10:21:22+00:00\",\"dateModified\":\"2024-01-02T18:33:26+00:00\",\"breadcrumb\":{\"@id\":\"https:\/\/www.minerve-assu.fr\/assurances\/index.php\/vierzon\/#breadcrumb\"},\"inLanguage\":\"fr-FR\",\"potentialAction\":[{\"@type\":\"ReadAction\",\"target\":[\"https:\/\/www.minerve-assu.fr\/assurances\/index.php\/vierzon\/\"]}]},{\"@type\":\"ImageObject\",\"inLanguage\":\"fr-FR\",\"@id\":\"https:\/\/www.minerve-assu.fr\/assurances\/index.php\/vierzon\/#primaryimage\",\"url\":\"https:\/\/www.minerve-assu.fr\/assurances\/wp-content\/uploads\/2024\/01\/images.jpeg\",\"contentUrl\":\"https:\/\/www.minerve-assu.fr\/assurances\/wp-content\/uploads\/2024\/01\/images.jpeg\",\"width\":318,\"height\":159},{\"@type\":\"BreadcrumbList\",\"@id\":\"https:\/\/www.minerve-assu.fr\/assurances\/index.php\/vierzon\/#breadcrumb\",\"itemListElement\":[{\"@type\":\"ListItem\",\"position\":1,\"name\":\"Accueil\",\"item\":\"https:\/\/www.minerve-assu.fr\/assurances\/\"},{\"@type\":\"ListItem\",\"position\":2,\"name\":\"A propos\"}]},{\"@type\":\"WebSite\",\"@id\":\"https:\/\/www.minerve-assu.fr\/assurances\/#website\",\"url\":\"https:\/\/www.minerve-assu.fr\/assurances\/\",\"name\":\"Minerve assurances\",\"description\":\"Groupe SAGESSE Bourges Tel: 06 31 68 11 92\",\"publisher\":{\"@id\":\"https:\/\/www.minerve-assu.fr\/assurances\/#organization\"},\"potentialAction\":[{\"@type\":\"SearchAction\",\"target\":{\"@type\":\"EntryPoint\",\"urlTemplate\":\"https:\/\/www.minerve-assu.fr\/assurances\/?s={search_term_string}\"},\"query-input\":{\"@type\":\"PropertyValueSpecification\",\"valueRequired\":true,\"valueName\":\"search_term_string\"}}],\"inLanguage\":\"fr-FR\"},{\"@type\":\"Organization\",\"@id\":\"https:\/\/www.minerve-assu.fr\/assurances\/#organization\",\"name\":\"MINERVE ASSURANCES\",\"url\":\"https:\/\/www.minerve-assu.fr\/assurances\/\",\"logo\":{\"@type\":\"ImageObject\",\"inLanguage\":\"fr-FR\",\"@id\":\"https:\/\/www.minerve-assu.fr\/assurances\/#\/schema\/logo\/image\/\",\"url\":\"https:\/\/www.minerve-assu.fr\/assurances\/wp-content\/uploads\/2021\/05\/ch1.png\",\"contentUrl\":\"https:\/\/www.minerve-assu.fr\/assurances\/wp-content\/uploads\/2021\/05\/ch1.png\",\"width\":173,\"height\":84,\"caption\":\"MINERVE ASSURANCES\"},\"image\":{\"@id\":\"https:\/\/www.minerve-assu.fr\/assurances\/#\/schema\/logo\/image\/\"},\"sameAs\":[\"https:\/\/www.facebook.com\/Minerve-Assurances-109771241497345\"]}]}<\/script>\n<!-- \/ Yoast SEO plugin. -->","yoast_head_json":{"title":"A propos - Minerve assurances","robots":{"index":"index","follow":"follow","max-snippet":"max-snippet:-1","max-image-preview":"max-image-preview:large","max-video-preview":"max-video-preview:-1"},"canonical":"https:\/\/www.minerve-assu.fr\/assurances\/index.php\/vierzon\/","og_locale":"fr_FR","og_type":"article","og_title":"A propos - Minerve assurances","og_description":"NOTRE R\u00d4LE Le r\u00f4le de conseil se r\u00e9sume \u00e0 apporter, aux entreprises et aux grand public , des solutions et des services personnalis\u00e9s leur permettant de se consacrer pleinement \u00e0 [&hellip;]","og_url":"https:\/\/www.minerve-assu.fr\/assurances\/index.php\/vierzon\/","og_site_name":"Minerve assurances","article_publisher":"https:\/\/www.facebook.com\/Minerve-Assurances-109771241497345","article_modified_time":"2024-01-02T18:33:26+00:00","og_image":[{"url":"https:\/\/www.minerve-assu.fr\/assurances\/wp-content\/uploads\/2024\/01\/images.jpeg","type":"","width":"","height":""}],"twitter_card":"summary_large_image","twitter_misc":{"Dur\u00e9e de lecture estim\u00e9e":"2 minutes"},"schema":{"@context":"https:\/\/schema.org","@graph":[{"@type":"WebPage","@id":"https:\/\/www.minerve-assu.fr\/assurances\/index.php\/vierzon\/","url":"https:\/\/www.minerve-assu.fr\/assurances\/index.php\/vierzon\/","name":"A propos - Minerve assurances","isPartOf":{"@id":"https:\/\/www.minerve-assu.fr\/assurances\/#website"},"primaryImageOfPage":{"@id":"https:\/\/www.minerve-assu.fr\/assurances\/index.php\/vierzon\/#primaryimage"},"image":{"@id":"https:\/\/www.minerve-assu.fr\/assurances\/index.php\/vierzon\/#primaryimage"},"thumbnailUrl":"https:\/\/www.minerve-assu.fr\/assurances\/wp-content\/uploads\/2024\/01\/images.jpeg","datePublished":"2021-05-31T10:21:22+00:00","dateModified":"2024-01-02T18:33:26+00:00","breadcrumb":{"@id":"https:\/\/www.minerve-assu.fr\/assurances\/index.php\/vierzon\/#breadcrumb"},"inLanguage":"fr-FR","potentialAction":[{"@type":"ReadAction","target":["https:\/\/www.minerve-assu.fr\/assurances\/index.php\/vierzon\/"]}]},{"@type":"ImageObject","inLanguage":"fr-FR","@id":"https:\/\/www.minerve-assu.fr\/assurances\/index.php\/vierzon\/#primaryimage","url":"https:\/\/www.minerve-assu.fr\/assurances\/wp-content\/uploads\/2024\/01\/images.jpeg","contentUrl":"https:\/\/www.minerve-assu.fr\/assurances\/wp-content\/uploads\/2024\/01\/images.jpeg","width":318,"height":159},{"@type":"BreadcrumbList","@id":"https:\/\/www.minerve-assu.fr\/assurances\/index.php\/vierzon\/#breadcrumb","itemListElement":[{"@type":"ListItem","position":1,"name":"Accueil","item":"https:\/\/www.minerve-assu.fr\/assurances\/"},{"@type":"ListItem","position":2,"name":"A propos"}]},{"@type":"WebSite","@id":"https:\/\/www.minerve-assu.fr\/assurances\/#website","url":"https:\/\/www.minerve-assu.fr\/assurances\/","name":"Minerve assurances","description":"Groupe SAGESSE Bourges Tel: 06 31 68 11 92","publisher":{"@id":"https:\/\/www.minerve-assu.fr\/assurances\/#organization"},"potentialAction":[{"@type":"SearchAction","target":{"@type":"EntryPoint","urlTemplate":"https:\/\/www.minerve-assu.fr\/assurances\/?s={search_term_string}"},"query-input":{"@type":"PropertyValueSpecification","valueRequired":true,"valueName":"search_term_string"}}],"inLanguage":"fr-FR"},{"@type":"Organization","@id":"https:\/\/www.minerve-assu.fr\/assurances\/#organization","name":"MINERVE ASSURANCES","url":"https:\/\/www.minerve-assu.fr\/assurances\/","logo":{"@type":"ImageObject","inLanguage":"fr-FR","@id":"https:\/\/www.minerve-assu.fr\/assurances\/#\/schema\/logo\/image\/","url":"https:\/\/www.minerve-assu.fr\/assurances\/wp-content\/uploads\/2021\/05\/ch1.png","contentUrl":"https:\/\/www.minerve-assu.fr\/assurances\/wp-content\/uploads\/2021\/05\/ch1.png","width":173,"height":84,"caption":"MINERVE ASSURANCES"},"image":{"@id":"https:\/\/www.minerve-assu.fr\/assurances\/#\/schema\/logo\/image\/"},"sameAs":["https:\/\/www.facebook.com\/Minerve-Assurances-109771241497345"]}]}},"_links":{"self":[{"href":"https:\/\/www.minerve-assu.fr\/assurances\/index.php\/wp-json\/wp\/v2\/pages\/40","targetHints":{"allow":["GET"]}}],"collection":[{"href":"https:\/\/www.minerve-assu.fr\/assurances\/index.php\/wp-json\/wp\/v2\/pages"}],"about":[{"href":"https:\/\/www.minerve-assu.fr\/assurances\/index.php\/wp-json\/wp\/v2\/types\/page"}],"author":[{"embeddable":true,"href":"https:\/\/www.minerve-assu.fr\/assurances\/index.php\/wp-json\/wp\/v2\/users\/1"}],"replies":[{"embeddable":true,"href":"https:\/\/www.minerve-assu.fr\/assurances\/index.php\/wp-json\/wp\/v2\/comments?post=40"}],"version-history":[{"count":25,"href":"https:\/\/www.minerve-assu.fr\/assurances\/index.php\/wp-json\/wp\/v2\/pages\/40\/revisions"}],"predecessor-version":[{"id":552,"href":"https:\/\/www.minerve-assu.fr\/assurances\/index.php\/wp-json\/wp\/v2\/pages\/40\/revisions\/552"}],"wp:attachment":[{"href":"https:\/\/www.minerve-assu.fr\/assurances\/index.php\/wp-json\/wp\/v2\/media?parent=40"}],"curies":[{"name":"wp","href":"https:\/\/api.w.org\/{rel}","templated":true}]}}