{"id":48,"date":"2021-09-15T12:46:19","date_gmt":"2021-09-15T10:46:19","guid":{"rendered":"https:\/\/www.minerve-assu.fr\/assurances\/?page_id=48"},"modified":"2024-02-24T11:45:58","modified_gmt":"2024-02-24T10:45:58","slug":"mentions","status":"publish","type":"page","link":"https:\/\/www.minerve-assu.fr\/assurances\/index.php\/mentions\/","title":{"rendered":"Mentions"},"content":{"rendered":"\n<p><strong>MENTIONS L\u00c9GALES<\/strong><\/p>\n\n\n\n<p>Le service internet est repr\u00e9sent\u00e9 par<\/p>\n\n\n\n<p>Forme juridique : EIRL Jean Pierre Aubailly<\/p>\n\n\n\n<p>Adresse postale de la forme juridique : 119 rue Salvador Allend\u00e9 18500 Foecy<\/p>\n\n\n\n<p>RCS Bourges : 387&nbsp;649&nbsp;213 00049 &nbsp;<\/p>\n\n\n\n<p>Num\u00e9ro TVA Intracommunautaire : FR04387649213<\/p>\n\n\n\n<p>ORIAS : 21007525 v\u00e9rifiable sur&nbsp;<a href=\"http:\/\/www.orias.fr\/\">www.orias.fr<\/a><\/p>\n\n\n\n<p>H\u00e9bergement<\/p>\n\n\n\n<p>OVH SAS de la soci\u00e9t\u00e9 OVH Groupe SAS, soci\u00e9t\u00e9 immatricul\u00e9e au RCS de Lille sous le num\u00e9ro 537 407 926 sise 2, rue Kellermann, 59100 Roubaix.<\/p>\n\n\n\n<p>Information (Article L520-1 et L520-2 du Code des Assurances)<\/p>\n\n\n\n<p>MINERVE ASSURANCES ne d\u00e9tient aucune participation directe ou indirecte, sup\u00e9rieure \u00e0 10 % des droits de vote ou du capital d\u2019une entreprise d\u2019assurance. Une entreprise d\u2019assurance, ou une entreprise m\u00e8re d\u2019une entreprise d\u2019assurance, ne d\u00e9tient aucune participation directe ou indirecte sup\u00e9rieure \u00e0 10% des droits de vote ou du capital de MINERVE ASSURANCES. n\u2019a pas d\u2019obligation contractuelle de travailler exclusivement avec une ou plusieurs entreprises d\u2019assurance. MINERVE ASSURANCES a s\u00e9lectionn\u00e9 un \u00ab pool \u00bb de compagnies performantes. Ces diff\u00e9rents produits sont commercialis\u00e9s \u00e0 travers un r\u00e9seau de partenaires professionnels. Le client est inform\u00e9 que MINERVE ASSURANCES peut lui communiquer \u00e0 sa demande<\/p>\n\n\n\n<p>En cas de diff\u00e9rend, nous vous invitons \u00e0 prendre contact avec notre cabinet. Si notre r\u00e9ponse ne vous donne pas satisfaction, vous pouvez saisir LE MEDIATEUR DE L\u2019ASSURANCE en envoyant un dossier \u00e9crit \u00e0 : La M\u00e9diation de l\u2019Assurance &#8211; TSA 50 110 &#8211; 75441 Paris cedex 09.<\/p>\n\n\n\n<p><strong>Conditions g\u00e9n\u00e9rale d&rsquo;utilisation<\/strong><\/p>\n\n\n\n<p>Services de Simulations<\/p>\n\n\n\n<p>Les utilisateurs du Site ont \u00e0 leur disposition des \u00ab\u00a0simulateurs\u00a0\u00bb permettant d&rsquo;effectuer ais\u00e9ment un certain nombre de calculs. Ces services de simulation n&rsquo;ont pour ambition que de fournir une estimation approximative concernant les valeurs calcul\u00e9es. Les r\u00e9sultats ne pouvant pas \u00eatre garantis pour exacts, l&rsquo;utilisateur exploitera ces calculs avec un esprit critique et discernement.<\/p>\n\n\n\n<p>Liens hypertextes vers des sites tiers<\/p>\n\n\n\n<p>Le Site propose des liens hypertextes pointant vers des sites Internet \u00e9dit\u00e9s par des tiers. La mise en place de ces liens ne signifie pas l&rsquo;approbation par l&rsquo;\u00e9diteur du contenu des dits sites. L&rsquo;Editeur ne peut pas r\u00e9aliser en permanence un contr\u00f4le du contenu des dits sites, et ne peut donc garantir : l&rsquo;exactitude, la fiabilit\u00e9, la pertinence, la mise \u00e0 jour, ou l&rsquo;exhaustivit\u00e9 de leur contenu ; leur acc\u00e8s et bon fonctionnement technique. Par cons\u00e9quent, la responsabilit\u00e9 de l&rsquo;Editeur ne pourra \u00eatre retenue en cas d&rsquo;\u00e9ventuel litige entre un site r\u00e9f\u00e9renc\u00e9 sur le Site et un Utilisateur. Seule la responsabilit\u00e9 des \u00e9diteurs des sites r\u00e9f\u00e9renc\u00e9s sur le Site pourra \u00eatre engag\u00e9e.<\/p>\n\n\n\n<p><strong>Cookies d\u2019audience ou d\u2019analytique Web<\/strong><\/p>\n\n\n\n<p>Ces cookies nous permettent de mieux conna\u00eetre l\u2019utilisation et les performances de notre site Web, d\u2019\u00e9tablir des statistiques, des volumes de fr\u00e9quentation et d\u2019utilisation des divers \u00e9l\u00e9ments de notre site (contenu visit\u00e9, parcours) nous permettant d\u2019am\u00e9liorer l\u2019int\u00e9r\u00eat et l\u2019ergonomie de nos services.<\/p>\n\n\n\n<ul class=\"wp-block-list\">\n<li>Cookie Google Analytics&nbsp;: a pour finalit\u00e9 d\u2019informer l\u2019\u00e9diteur du site Web sur les usages des pages consult\u00e9es par ses utilisateurs.<\/li>\n<\/ul>\n\n\n\n<p><strong>D\u00e9sactivation des cookies sur votre navigateur Web<\/strong><\/p>\n\n\n\n<p>La plupart des navigateurs acceptent les cookies par d\u00e9faut, cependant vous pouvez d\u00e9cider de les bloquer ou demander de vous avertir avant la pose d\u2019un cookie sur votre navigateur Web.<\/p>\n\n\n\n<p>Chaque navigateur a sa propre gestion des cookies, nous vous enjoignons donc \u00e0 lire la documentation aff\u00e9rente pour un param\u00e9trage optimal, par exemple&nbsp;:<\/p>\n\n\n\n<ul class=\"wp-block-list\">\n<li>Chrome&nbsp;; https:\/\/support.google.com\/chrome\/answer\/95647<\/li>\n\n\n\n<li>Firefox&nbsp;: https:\/\/support.mozilla.org\/fr\/kb\/autoriser-bloquer-cookies-preferences-sites<\/li>\n\n\n\n<li>Internet Explorer&nbsp;: https:\/\/support.microsoft.com\/en-us\/help\/17442\/windows-internet-explorer-delete-manage-cookies<\/li>\n\n\n\n<li>Op\u00e9ra&nbsp;: https:\/\/help.opera.com\/en\/latest\/web-preferences\/<\/li>\n\n\n\n<li>Safari&nbsp;: https:\/\/support.apple.com\/fr-fr\/HT201265<\/li>\n<\/ul>\n\n\n\n<p><strong>Rappel des droits des personnes concern\u00e9es<\/strong><\/p>\n\n\n\n<p>Conform\u00e9ment \u00e0 la Loi Informatique et Libert\u00e9 du 6 janvier 1978 modifi\u00e9e, vous disposez des droits suivants&nbsp;:<\/p>\n\n\n\n<ul class=\"wp-block-list\">\n<li>droit d\u2019acc\u00e8s&nbsp;;<\/li>\n\n\n\n<li>droit \u00e0 la rectification&nbsp;;<\/li>\n\n\n\n<li>droit \u00e0 l\u2019effacement&nbsp;;<\/li>\n\n\n\n<li>droit d\u2019opposition&nbsp;;<\/li>\n\n\n\n<li>droit \u00e0 la limitation&nbsp;;<\/li>\n\n\n\n<li>droit \u00e0 la portabilit\u00e9.<\/li>\n<\/ul>\n\n\n\n<p>Pour en savoir plus sur les droits des personnes concern\u00e9es&nbsp;: https:\/\/www.cnil.fr\/fr\/respecter-les-droits-des-personnes<\/p>\n\n\n\n<p><strong>Protection des donn\u00e9es<\/strong><\/p>\n\n\n\n<p>MINERVE ASSURANCES n\u2019enregistre pas d\u2019informations personnelles permettant l\u2019identification, \u00e0 l\u2019exception des formulaires que l\u2019utilisateur est libre de remplir.<\/p>\n\n\n\n<p>Ces informations ne seront pas utilis\u00e9es sans votre accord, nous les utiliserons seulement pour vous adresser des courriers, des brochures, des devis ou vous contacter.<\/p>\n\n\n\n<p>Les informations recueillies sur les sites b\u00e9n\u00e9ficient de la protection de la loi \u00ab Informatique et Libert\u00e9s \u00bb n\u00b0 78-17 du 06 janvier 1978.<\/p>\n\n\n\n<p>Elles b\u00e9n\u00e9ficient d\u2019un droit d\u2019acc\u00e8s, de rectification, d\u2019opposition \u00e0 communication et de suppression sur simple demande \u00e0 MINERVE ASSURANCES.<\/p>\n\n\n\n<p>MINERVE ASSURANCES pourra proc\u00e9der \u00e0 des analyses statistiques sans que celles-ci soient nominatives et pourra en informer des tiers (organismes d\u2019\u00e9valuation de fr\u00e9quentation) sous une forme r\u00e9sum\u00e9e et non nominative.<\/p>\n\n\n\n<p><strong>La s\u00e9curit\u00e9 des \u00e9changes<\/strong><\/p>\n\n\n\n<p>L&rsquo;Editeur s&rsquo;engage \u00e0 prendre toutes les mesures juridiques et techniques pour s\u00e9curiser les \u00e9changes. A ce titre, L&rsquo;Editeur s&rsquo;engage \u00e0 une obligation de moyen pour bloquer les d\u00e9tournements de donn\u00e9es, et \u00e0 respecter les r\u00e9glementations applicables. N\u00e9anmoins, les Utilisateurs du Site connaissent les particularit\u00e9s techniques du r\u00e9seau Internet et les risques aff\u00e9rents. Par cons\u00e9quent, L&rsquo;Editeur ne peut garantir \u00e0 ses Utilisateurs que les donn\u00e9es \u00e9chang\u00e9es via les services propos\u00e9s par le Site ne soient pas r\u00e9colt\u00e9es de fa\u00e7on frauduleuse par des tiers.<\/p>\n\n\n\n<p><strong>Droit applicable<\/strong><\/p>\n\n\n\n<p>Le pr\u00e9sent texte est soumis au droit fran\u00e7ais. L&rsquo;Editeur se r\u00e9serve le droit d&rsquo;en amender \u00e0 tout moment les termes, conditions et mentions d&rsquo;avertissement.<\/p>\n\n\n\n<p><\/p>\n\n\n\n<p><\/p>\n\n\n\n<p> <a href=\"https:\/\/www.minerve-assu.fr\/assurances\/wp-login.php?redirect_to=https%3A%2F%2Fwww.minerve-assu.fr%2Fassurances%2Fwp-admin%2F&amp;reauth=1\" target=\"_blank\" rel=\"noreferrer noopener\">Propri\u00e9taire +<\/a> <\/p>\n","protected":false},"excerpt":{"rendered":"<p>MENTIONS L\u00c9GALES Le service internet est repr\u00e9sent\u00e9 par Forme juridique : EIRL Jean Pierre Aubailly Adresse postale de la forme juridique : 119 rue Salvador Allend\u00e9 18500 Foecy RCS Bourges [&hellip;]<\/p>\n","protected":false},"author":1,"featured_media":0,"parent":0,"menu_order":0,"comment_status":"closed","ping_status":"closed","template":"","meta":{"footnotes":""},"class_list":["post-48","page","type-page","status-publish","hentry"],"yoast_head":"<!-- This site is optimized with the Yoast SEO plugin v26.4 - https:\/\/yoast.com\/wordpress\/plugins\/seo\/ -->\n<title>Mentions - Minerve assurances<\/title>\n<meta name=\"robots\" content=\"index, follow, max-snippet:-1, max-image-preview:large, max-video-preview:-1\" \/>\n<link rel=\"canonical\" href=\"https:\/\/www.minerve-assu.fr\/assurances\/index.php\/mentions\/\" \/>\n<meta property=\"og:locale\" content=\"fr_FR\" \/>\n<meta property=\"og:type\" content=\"article\" \/>\n<meta property=\"og:title\" content=\"Mentions - Minerve assurances\" \/>\n<meta property=\"og:description\" content=\"MENTIONS L\u00c9GALES Le service internet est repr\u00e9sent\u00e9 par Forme juridique : EIRL Jean Pierre Aubailly Adresse postale de la forme juridique : 119 rue Salvador Allend\u00e9 18500 Foecy RCS Bourges [&hellip;]\" \/>\n<meta property=\"og:url\" content=\"https:\/\/www.minerve-assu.fr\/assurances\/index.php\/mentions\/\" \/>\n<meta property=\"og:site_name\" content=\"Minerve assurances\" \/>\n<meta property=\"article:publisher\" content=\"https:\/\/www.facebook.com\/Minerve-Assurances-109771241497345\" \/>\n<meta property=\"article:modified_time\" content=\"2024-02-24T10:45:58+00:00\" \/>\n<meta name=\"twitter:card\" content=\"summary_large_image\" \/>\n<meta name=\"twitter:label1\" content=\"Dur\u00e9e de lecture estim\u00e9e\" \/>\n\t<meta name=\"twitter:data1\" content=\"5 minutes\" \/>\n<script type=\"application\/ld+json\" class=\"yoast-schema-graph\">{\"@context\":\"https:\/\/schema.org\",\"@graph\":[{\"@type\":\"WebPage\",\"@id\":\"https:\/\/www.minerve-assu.fr\/assurances\/index.php\/mentions\/\",\"url\":\"https:\/\/www.minerve-assu.fr\/assurances\/index.php\/mentions\/\",\"name\":\"Mentions - Minerve assurances\",\"isPartOf\":{\"@id\":\"https:\/\/www.minerve-assu.fr\/assurances\/#website\"},\"datePublished\":\"2021-09-15T10:46:19+00:00\",\"dateModified\":\"2024-02-24T10:45:58+00:00\",\"breadcrumb\":{\"@id\":\"https:\/\/www.minerve-assu.fr\/assurances\/index.php\/mentions\/#breadcrumb\"},\"inLanguage\":\"fr-FR\",\"potentialAction\":[{\"@type\":\"ReadAction\",\"target\":[\"https:\/\/www.minerve-assu.fr\/assurances\/index.php\/mentions\/\"]}]},{\"@type\":\"BreadcrumbList\",\"@id\":\"https:\/\/www.minerve-assu.fr\/assurances\/index.php\/mentions\/#breadcrumb\",\"itemListElement\":[{\"@type\":\"ListItem\",\"position\":1,\"name\":\"Accueil\",\"item\":\"https:\/\/www.minerve-assu.fr\/assurances\/\"},{\"@type\":\"ListItem\",\"position\":2,\"name\":\"Mentions\"}]},{\"@type\":\"WebSite\",\"@id\":\"https:\/\/www.minerve-assu.fr\/assurances\/#website\",\"url\":\"https:\/\/www.minerve-assu.fr\/assurances\/\",\"name\":\"Minerve assurances\",\"description\":\"Groupe SAGESSE Bourges Tel: 06 31 68 11 92\",\"publisher\":{\"@id\":\"https:\/\/www.minerve-assu.fr\/assurances\/#organization\"},\"potentialAction\":[{\"@type\":\"SearchAction\",\"target\":{\"@type\":\"EntryPoint\",\"urlTemplate\":\"https:\/\/www.minerve-assu.fr\/assurances\/?s={search_term_string}\"},\"query-input\":{\"@type\":\"PropertyValueSpecification\",\"valueRequired\":true,\"valueName\":\"search_term_string\"}}],\"inLanguage\":\"fr-FR\"},{\"@type\":\"Organization\",\"@id\":\"https:\/\/www.minerve-assu.fr\/assurances\/#organization\",\"name\":\"MINERVE ASSURANCES\",\"url\":\"https:\/\/www.minerve-assu.fr\/assurances\/\",\"logo\":{\"@type\":\"ImageObject\",\"inLanguage\":\"fr-FR\",\"@id\":\"https:\/\/www.minerve-assu.fr\/assurances\/#\/schema\/logo\/image\/\",\"url\":\"https:\/\/www.minerve-assu.fr\/assurances\/wp-content\/uploads\/2021\/05\/ch1.png\",\"contentUrl\":\"https:\/\/www.minerve-assu.fr\/assurances\/wp-content\/uploads\/2021\/05\/ch1.png\",\"width\":173,\"height\":84,\"caption\":\"MINERVE ASSURANCES\"},\"image\":{\"@id\":\"https:\/\/www.minerve-assu.fr\/assurances\/#\/schema\/logo\/image\/\"},\"sameAs\":[\"https:\/\/www.facebook.com\/Minerve-Assurances-109771241497345\"]}]}<\/script>\n<!-- \/ Yoast SEO plugin. -->","yoast_head_json":{"title":"Mentions - Minerve assurances","robots":{"index":"index","follow":"follow","max-snippet":"max-snippet:-1","max-image-preview":"max-image-preview:large","max-video-preview":"max-video-preview:-1"},"canonical":"https:\/\/www.minerve-assu.fr\/assurances\/index.php\/mentions\/","og_locale":"fr_FR","og_type":"article","og_title":"Mentions - Minerve assurances","og_description":"MENTIONS L\u00c9GALES Le service internet est repr\u00e9sent\u00e9 par Forme juridique : EIRL Jean Pierre Aubailly Adresse postale de la forme juridique : 119 rue Salvador Allend\u00e9 18500 Foecy RCS Bourges [&hellip;]","og_url":"https:\/\/www.minerve-assu.fr\/assurances\/index.php\/mentions\/","og_site_name":"Minerve assurances","article_publisher":"https:\/\/www.facebook.com\/Minerve-Assurances-109771241497345","article_modified_time":"2024-02-24T10:45:58+00:00","twitter_card":"summary_large_image","twitter_misc":{"Dur\u00e9e de lecture estim\u00e9e":"5 minutes"},"schema":{"@context":"https:\/\/schema.org","@graph":[{"@type":"WebPage","@id":"https:\/\/www.minerve-assu.fr\/assurances\/index.php\/mentions\/","url":"https:\/\/www.minerve-assu.fr\/assurances\/index.php\/mentions\/","name":"Mentions - Minerve assurances","isPartOf":{"@id":"https:\/\/www.minerve-assu.fr\/assurances\/#website"},"datePublished":"2021-09-15T10:46:19+00:00","dateModified":"2024-02-24T10:45:58+00:00","breadcrumb":{"@id":"https:\/\/www.minerve-assu.fr\/assurances\/index.php\/mentions\/#breadcrumb"},"inLanguage":"fr-FR","potentialAction":[{"@type":"ReadAction","target":["https:\/\/www.minerve-assu.fr\/assurances\/index.php\/mentions\/"]}]},{"@type":"BreadcrumbList","@id":"https:\/\/www.minerve-assu.fr\/assurances\/index.php\/mentions\/#breadcrumb","itemListElement":[{"@type":"ListItem","position":1,"name":"Accueil","item":"https:\/\/www.minerve-assu.fr\/assurances\/"},{"@type":"ListItem","position":2,"name":"Mentions"}]},{"@type":"WebSite","@id":"https:\/\/www.minerve-assu.fr\/assurances\/#website","url":"https:\/\/www.minerve-assu.fr\/assurances\/","name":"Minerve assurances","description":"Groupe SAGESSE Bourges Tel: 06 31 68 11 92","publisher":{"@id":"https:\/\/www.minerve-assu.fr\/assurances\/#organization"},"potentialAction":[{"@type":"SearchAction","target":{"@type":"EntryPoint","urlTemplate":"https:\/\/www.minerve-assu.fr\/assurances\/?s={search_term_string}"},"query-input":{"@type":"PropertyValueSpecification","valueRequired":true,"valueName":"search_term_string"}}],"inLanguage":"fr-FR"},{"@type":"Organization","@id":"https:\/\/www.minerve-assu.fr\/assurances\/#organization","name":"MINERVE ASSURANCES","url":"https:\/\/www.minerve-assu.fr\/assurances\/","logo":{"@type":"ImageObject","inLanguage":"fr-FR","@id":"https:\/\/www.minerve-assu.fr\/assurances\/#\/schema\/logo\/image\/","url":"https:\/\/www.minerve-assu.fr\/assurances\/wp-content\/uploads\/2021\/05\/ch1.png","contentUrl":"https:\/\/www.minerve-assu.fr\/assurances\/wp-content\/uploads\/2021\/05\/ch1.png","width":173,"height":84,"caption":"MINERVE ASSURANCES"},"image":{"@id":"https:\/\/www.minerve-assu.fr\/assurances\/#\/schema\/logo\/image\/"},"sameAs":["https:\/\/www.facebook.com\/Minerve-Assurances-109771241497345"]}]}},"_links":{"self":[{"href":"https:\/\/www.minerve-assu.fr\/assurances\/index.php\/wp-json\/wp\/v2\/pages\/48","targetHints":{"allow":["GET"]}}],"collection":[{"href":"https:\/\/www.minerve-assu.fr\/assurances\/index.php\/wp-json\/wp\/v2\/pages"}],"about":[{"href":"https:\/\/www.minerve-assu.fr\/assurances\/index.php\/wp-json\/wp\/v2\/types\/page"}],"author":[{"embeddable":true,"href":"https:\/\/www.minerve-assu.fr\/assurances\/index.php\/wp-json\/wp\/v2\/users\/1"}],"replies":[{"embeddable":true,"href":"https:\/\/www.minerve-assu.fr\/assurances\/index.php\/wp-json\/wp\/v2\/comments?post=48"}],"version-history":[{"count":5,"href":"https:\/\/www.minerve-assu.fr\/assurances\/index.php\/wp-json\/wp\/v2\/pages\/48\/revisions"}],"predecessor-version":[{"id":577,"href":"https:\/\/www.minerve-assu.fr\/assurances\/index.php\/wp-json\/wp\/v2\/pages\/48\/revisions\/577"}],"wp:attachment":[{"href":"https:\/\/www.minerve-assu.fr\/assurances\/index.php\/wp-json\/wp\/v2\/media?parent=48"}],"curies":[{"name":"wp","href":"https:\/\/api.w.org\/{rel}","templated":true}]}}