{"id":538,"date":"2024-01-02T18:55:18","date_gmt":"2024-01-02T17:55:18","guid":{"rendered":"https:\/\/www.minerve-assu.fr\/assurances\/?page_id=538"},"modified":"2024-01-02T19:27:48","modified_gmt":"2024-01-02T18:27:48","slug":"audit","status":"publish","type":"page","link":"https:\/\/www.minerve-assu.fr\/assurances\/index.php\/audit\/","title":{"rendered":"L&rsquo;Audit"},"content":{"rendered":"\n<p class=\"has-text-align-left\">L\u2019<strong>audit<\/strong> peut faire partie int\u00e9grante de notre devoir de conseil, donc de la gestion des risques<\/p>\n\n\n\n<p class=\"has-text-align-left\">de l\u2019entreprise ce qui est mon c\u0153ur de m\u00e9tier, on doit commencer par un diagnostic<\/p>\n\n\n\n<p class=\"has-text-align-left\">des garanties et de l\u2019\u00e9volution de vos primes.<\/p>\n\n\n\n<p><strong>Il permet de mettre en exergue :<\/strong><\/p>\n\n\n\n<ul class=\"wp-block-list\">\n<li>Les points \u00e0 v\u00e9rifier :&nbsp;par exemple : les insuffisances de garanties par rapport \u00e0 vos activit\u00e9s,<\/li>\n\n\n\n<li> le d\u00e9tail du plan de pr\u00e9vention \u00e0 respecter, l\u2019ad\u00e9quation entre la r\u00e9alit\u00e9 des valeurs \u00e0 assurer<\/li>\n\n\n\n<li> et les capitaux d\u00e9clar\u00e9s \u00e0 l\u2019assureur, etc.;<\/li>\n\n\n\n<li>Les \u00e9l\u00e9ments \u00e0 am\u00e9liorer&nbsp;eu \u00e9gard aux clauses habituellement pratiqu\u00e9es dans le monde des assurances;<\/li>\n\n\n\n<li>\u00c9galement les points de&nbsp;vos contrats d\u2019assurance, qu\u2019il faut conserver;<\/li>\n\n\n\n<li>La r\u00e9duction des&nbsp;co\u00fbts d\u2019assurance, ou du moins la certitude de payer le juste prix.<\/li>\n<\/ul>\n\n\n\n<p><strong>D\u00e9roulement de l\u2019audit :<\/strong><\/p>\n\n\n\n<ul class=\"wp-block-list\">\n<li>\u00c9valuation in situ des activit\u00e9s de l\u2019entreprise et des moyens mis en \u0153uvre (humains, mat\u00e9riels, architecturaux, logistiques, etc.);<\/li>\n\n\n\n<li>Prise en compte de tous les \u00e9l\u00e9ments administratifs et comptables, pour \u00e9tablir une \u00e9valuation exacte des capitaux \u00e0 assurer;<\/li>\n\n\n\n<li>Inventaire pr\u00e9cis de&nbsp;tous les risques&nbsp;auxquels la soci\u00e9t\u00e9 est expos\u00e9e ,<\/li>\n\n\n\n<li>Analyse de&nbsp;la sinistralit\u00e9&nbsp;des ann\u00e9es pr\u00e9c\u00e9dentes ;<\/li>\n\n\n\n<li>\u00c9tude technique, juridique et financi\u00e8re&nbsp;des contrats d\u2019assurance&nbsp;( s\u2019assurer que toutes&nbsp;les r\u00e9glementations en vigueur&nbsp;sont conformes \u00e0 vos contrats);<\/li>\n\n\n\n<li>\u00c9changes avec vous concernant vos attentes en mati\u00e8re d\u2019assurances professionnelles.<\/li>\n<\/ul>\n\n\n\n<p><strong>Apr\u00e8s l\u2019audit :<\/strong><\/p>\n\n\n\n<ul class=\"wp-block-list\">\n<li>Analyse et compilation de tous les \u00e9l\u00e9ments recueillis lors de l\u2019audit ;<\/li>\n\n\n\n<li>Recommandations en termes d\u2019optimisation des garanties, d\u2019actions \u00e0 mettre en place;<\/li>\n\n\n\n<li>pr\u00e9conisations en mesures pr\u00e9ventives et\/ou palliatives, le cas \u00e9ch\u00e9ant.<\/li>\n<\/ul>\n\n\n\n<p>Il peut \u00eatre propos\u00e9&nbsp;l&rsquo;\u00e9tablissement de devis&nbsp;pour vos contrats d\u2019assurance, je consulte alors plusieurs compagnies gr\u00e2ce \u00e0 notre logique de <a href=\"https:\/\/assurances-bourges.sagesse.fr\/\">groupe<\/a> , n\u00e9gocie avec eux, pour vous proposer des produits parfaitement adapt\u00e9s \u00e0 vos besoins, et toujours au meilleur prix.<br><br><\/p>\n\n\n\n<figure class=\"wp-block-image size-large\"><img loading=\"lazy\" decoding=\"async\" width=\"1024\" height=\"679\" src=\"https:\/\/www.minerve-assu.fr\/assurances\/wp-content\/uploads\/2024\/01\/00000-1024x679.jpg\" alt=\"\" class=\"wp-image-549\" srcset=\"https:\/\/www.minerve-assu.fr\/assurances\/wp-content\/uploads\/2024\/01\/00000-1024x679.jpg 1024w, https:\/\/www.minerve-assu.fr\/assurances\/wp-content\/uploads\/2024\/01\/00000-300x199.jpg 300w, https:\/\/www.minerve-assu.fr\/assurances\/wp-content\/uploads\/2024\/01\/00000-768x509.jpg 768w, https:\/\/www.minerve-assu.fr\/assurances\/wp-content\/uploads\/2024\/01\/00000.jpg 1084w\" sizes=\"auto, (max-width: 1024px) 100vw, 1024px\" \/><\/figure>\n","protected":false},"excerpt":{"rendered":"<p>L\u2019audit peut faire partie int\u00e9grante de notre devoir de conseil, donc de la gestion des risques de l\u2019entreprise ce qui est mon c\u0153ur de m\u00e9tier, on doit commencer par un [&hellip;]<\/p>\n","protected":false},"author":1,"featured_media":0,"parent":0,"menu_order":0,"comment_status":"closed","ping_status":"closed","template":"","meta":{"footnotes":""},"class_list":["post-538","page","type-page","status-publish","hentry"],"yoast_head":"<!-- This site is optimized with the Yoast SEO plugin v26.4 - https:\/\/yoast.com\/wordpress\/plugins\/seo\/ -->\n<title>L&#039;Audit - Minerve assurances<\/title>\n<meta name=\"description\" content=\"L\u2019audit peut faire partie int\u00e9grante de notre devoir de conseil, donc de la gestion des risques de l\u2019entreprise ce qui est mon c\u0153ur de m\u00e9tier, on doit commencer par un diagnostic des garanties et de l\u2019\u00e9volution de vos primes.\" \/>\n<meta name=\"robots\" content=\"index, follow, max-snippet:-1, max-image-preview:large, max-video-preview:-1\" \/>\n<link rel=\"canonical\" href=\"https:\/\/www.minerve-assu.fr\/assurances\/index.php\/audit\/\" \/>\n<meta property=\"og:locale\" content=\"fr_FR\" \/>\n<meta property=\"og:type\" content=\"article\" \/>\n<meta property=\"og:title\" content=\"L&#039;Audit - Minerve assurances\" \/>\n<meta property=\"og:description\" content=\"L\u2019audit peut faire partie int\u00e9grante de notre devoir de conseil, donc de la gestion des risques de l\u2019entreprise ce qui est mon c\u0153ur de m\u00e9tier, on doit commencer par un diagnostic des garanties et de l\u2019\u00e9volution de vos primes.\" \/>\n<meta property=\"og:url\" content=\"https:\/\/www.minerve-assu.fr\/assurances\/index.php\/audit\/\" \/>\n<meta property=\"og:site_name\" content=\"Minerve assurances\" \/>\n<meta property=\"article:publisher\" content=\"https:\/\/www.facebook.com\/Minerve-Assurances-109771241497345\" \/>\n<meta property=\"article:modified_time\" content=\"2024-01-02T18:27:48+00:00\" \/>\n<meta property=\"og:image\" content=\"https:\/\/www.minerve-assu.fr\/assurances\/wp-content\/uploads\/2024\/01\/00000-1024x679.jpg\" \/>\n<meta name=\"twitter:card\" content=\"summary_large_image\" \/>\n<meta name=\"twitter:label1\" content=\"Dur\u00e9e de lecture estim\u00e9e\" \/>\n\t<meta name=\"twitter:data1\" content=\"2 minutes\" \/>\n<script type=\"application\/ld+json\" class=\"yoast-schema-graph\">{\"@context\":\"https:\/\/schema.org\",\"@graph\":[{\"@type\":\"WebPage\",\"@id\":\"https:\/\/www.minerve-assu.fr\/assurances\/index.php\/audit\/\",\"url\":\"https:\/\/www.minerve-assu.fr\/assurances\/index.php\/audit\/\",\"name\":\"L'Audit - Minerve assurances\",\"isPartOf\":{\"@id\":\"https:\/\/www.minerve-assu.fr\/assurances\/#website\"},\"primaryImageOfPage\":{\"@id\":\"https:\/\/www.minerve-assu.fr\/assurances\/index.php\/audit\/#primaryimage\"},\"image\":{\"@id\":\"https:\/\/www.minerve-assu.fr\/assurances\/index.php\/audit\/#primaryimage\"},\"thumbnailUrl\":\"https:\/\/www.minerve-assu.fr\/assurances\/wp-content\/uploads\/2024\/01\/00000-1024x679.jpg\",\"datePublished\":\"2024-01-02T17:55:18+00:00\",\"dateModified\":\"2024-01-02T18:27:48+00:00\",\"description\":\"L\u2019audit peut faire partie int\u00e9grante de notre devoir de conseil, donc de la gestion des risques de l\u2019entreprise ce qui est mon c\u0153ur de m\u00e9tier, on doit commencer par un diagnostic des garanties et de l\u2019\u00e9volution de vos primes.\",\"breadcrumb\":{\"@id\":\"https:\/\/www.minerve-assu.fr\/assurances\/index.php\/audit\/#breadcrumb\"},\"inLanguage\":\"fr-FR\",\"potentialAction\":[{\"@type\":\"ReadAction\",\"target\":[\"https:\/\/www.minerve-assu.fr\/assurances\/index.php\/audit\/\"]}]},{\"@type\":\"ImageObject\",\"inLanguage\":\"fr-FR\",\"@id\":\"https:\/\/www.minerve-assu.fr\/assurances\/index.php\/audit\/#primaryimage\",\"url\":\"https:\/\/www.minerve-assu.fr\/assurances\/wp-content\/uploads\/2024\/01\/00000.jpg\",\"contentUrl\":\"https:\/\/www.minerve-assu.fr\/assurances\/wp-content\/uploads\/2024\/01\/00000.jpg\",\"width\":1084,\"height\":719},{\"@type\":\"BreadcrumbList\",\"@id\":\"https:\/\/www.minerve-assu.fr\/assurances\/index.php\/audit\/#breadcrumb\",\"itemListElement\":[{\"@type\":\"ListItem\",\"position\":1,\"name\":\"Accueil\",\"item\":\"https:\/\/www.minerve-assu.fr\/assurances\/\"},{\"@type\":\"ListItem\",\"position\":2,\"name\":\"L&rsquo;Audit\"}]},{\"@type\":\"WebSite\",\"@id\":\"https:\/\/www.minerve-assu.fr\/assurances\/#website\",\"url\":\"https:\/\/www.minerve-assu.fr\/assurances\/\",\"name\":\"Minerve assurances\",\"description\":\"Groupe SAGESSE Bourges Tel: 06 31 68 11 92\",\"publisher\":{\"@id\":\"https:\/\/www.minerve-assu.fr\/assurances\/#organization\"},\"potentialAction\":[{\"@type\":\"SearchAction\",\"target\":{\"@type\":\"EntryPoint\",\"urlTemplate\":\"https:\/\/www.minerve-assu.fr\/assurances\/?s={search_term_string}\"},\"query-input\":{\"@type\":\"PropertyValueSpecification\",\"valueRequired\":true,\"valueName\":\"search_term_string\"}}],\"inLanguage\":\"fr-FR\"},{\"@type\":\"Organization\",\"@id\":\"https:\/\/www.minerve-assu.fr\/assurances\/#organization\",\"name\":\"MINERVE ASSURANCES\",\"url\":\"https:\/\/www.minerve-assu.fr\/assurances\/\",\"logo\":{\"@type\":\"ImageObject\",\"inLanguage\":\"fr-FR\",\"@id\":\"https:\/\/www.minerve-assu.fr\/assurances\/#\/schema\/logo\/image\/\",\"url\":\"https:\/\/www.minerve-assu.fr\/assurances\/wp-content\/uploads\/2021\/05\/ch1.png\",\"contentUrl\":\"https:\/\/www.minerve-assu.fr\/assurances\/wp-content\/uploads\/2021\/05\/ch1.png\",\"width\":173,\"height\":84,\"caption\":\"MINERVE ASSURANCES\"},\"image\":{\"@id\":\"https:\/\/www.minerve-assu.fr\/assurances\/#\/schema\/logo\/image\/\"},\"sameAs\":[\"https:\/\/www.facebook.com\/Minerve-Assurances-109771241497345\"]}]}<\/script>\n<!-- \/ Yoast SEO plugin. -->","yoast_head_json":{"title":"L'Audit - Minerve assurances","description":"L\u2019audit peut faire partie int\u00e9grante de notre devoir de conseil, donc de la gestion des risques de l\u2019entreprise ce qui est mon c\u0153ur de m\u00e9tier, on doit commencer par un diagnostic des garanties et de l\u2019\u00e9volution de vos primes.","robots":{"index":"index","follow":"follow","max-snippet":"max-snippet:-1","max-image-preview":"max-image-preview:large","max-video-preview":"max-video-preview:-1"},"canonical":"https:\/\/www.minerve-assu.fr\/assurances\/index.php\/audit\/","og_locale":"fr_FR","og_type":"article","og_title":"L'Audit - Minerve assurances","og_description":"L\u2019audit peut faire partie int\u00e9grante de notre devoir de conseil, donc de la gestion des risques de l\u2019entreprise ce qui est mon c\u0153ur de m\u00e9tier, on doit commencer par un diagnostic des garanties et de l\u2019\u00e9volution de vos primes.","og_url":"https:\/\/www.minerve-assu.fr\/assurances\/index.php\/audit\/","og_site_name":"Minerve assurances","article_publisher":"https:\/\/www.facebook.com\/Minerve-Assurances-109771241497345","article_modified_time":"2024-01-02T18:27:48+00:00","og_image":[{"url":"https:\/\/www.minerve-assu.fr\/assurances\/wp-content\/uploads\/2024\/01\/00000-1024x679.jpg","type":"","width":"","height":""}],"twitter_card":"summary_large_image","twitter_misc":{"Dur\u00e9e de lecture estim\u00e9e":"2 minutes"},"schema":{"@context":"https:\/\/schema.org","@graph":[{"@type":"WebPage","@id":"https:\/\/www.minerve-assu.fr\/assurances\/index.php\/audit\/","url":"https:\/\/www.minerve-assu.fr\/assurances\/index.php\/audit\/","name":"L'Audit - Minerve assurances","isPartOf":{"@id":"https:\/\/www.minerve-assu.fr\/assurances\/#website"},"primaryImageOfPage":{"@id":"https:\/\/www.minerve-assu.fr\/assurances\/index.php\/audit\/#primaryimage"},"image":{"@id":"https:\/\/www.minerve-assu.fr\/assurances\/index.php\/audit\/#primaryimage"},"thumbnailUrl":"https:\/\/www.minerve-assu.fr\/assurances\/wp-content\/uploads\/2024\/01\/00000-1024x679.jpg","datePublished":"2024-01-02T17:55:18+00:00","dateModified":"2024-01-02T18:27:48+00:00","description":"L\u2019audit peut faire partie int\u00e9grante de notre devoir de conseil, donc de la gestion des risques de l\u2019entreprise ce qui est mon c\u0153ur de m\u00e9tier, on doit commencer par un diagnostic des garanties et de l\u2019\u00e9volution de vos primes.","breadcrumb":{"@id":"https:\/\/www.minerve-assu.fr\/assurances\/index.php\/audit\/#breadcrumb"},"inLanguage":"fr-FR","potentialAction":[{"@type":"ReadAction","target":["https:\/\/www.minerve-assu.fr\/assurances\/index.php\/audit\/"]}]},{"@type":"ImageObject","inLanguage":"fr-FR","@id":"https:\/\/www.minerve-assu.fr\/assurances\/index.php\/audit\/#primaryimage","url":"https:\/\/www.minerve-assu.fr\/assurances\/wp-content\/uploads\/2024\/01\/00000.jpg","contentUrl":"https:\/\/www.minerve-assu.fr\/assurances\/wp-content\/uploads\/2024\/01\/00000.jpg","width":1084,"height":719},{"@type":"BreadcrumbList","@id":"https:\/\/www.minerve-assu.fr\/assurances\/index.php\/audit\/#breadcrumb","itemListElement":[{"@type":"ListItem","position":1,"name":"Accueil","item":"https:\/\/www.minerve-assu.fr\/assurances\/"},{"@type":"ListItem","position":2,"name":"L&rsquo;Audit"}]},{"@type":"WebSite","@id":"https:\/\/www.minerve-assu.fr\/assurances\/#website","url":"https:\/\/www.minerve-assu.fr\/assurances\/","name":"Minerve assurances","description":"Groupe SAGESSE Bourges Tel: 06 31 68 11 92","publisher":{"@id":"https:\/\/www.minerve-assu.fr\/assurances\/#organization"},"potentialAction":[{"@type":"SearchAction","target":{"@type":"EntryPoint","urlTemplate":"https:\/\/www.minerve-assu.fr\/assurances\/?s={search_term_string}"},"query-input":{"@type":"PropertyValueSpecification","valueRequired":true,"valueName":"search_term_string"}}],"inLanguage":"fr-FR"},{"@type":"Organization","@id":"https:\/\/www.minerve-assu.fr\/assurances\/#organization","name":"MINERVE ASSURANCES","url":"https:\/\/www.minerve-assu.fr\/assurances\/","logo":{"@type":"ImageObject","inLanguage":"fr-FR","@id":"https:\/\/www.minerve-assu.fr\/assurances\/#\/schema\/logo\/image\/","url":"https:\/\/www.minerve-assu.fr\/assurances\/wp-content\/uploads\/2021\/05\/ch1.png","contentUrl":"https:\/\/www.minerve-assu.fr\/assurances\/wp-content\/uploads\/2021\/05\/ch1.png","width":173,"height":84,"caption":"MINERVE ASSURANCES"},"image":{"@id":"https:\/\/www.minerve-assu.fr\/assurances\/#\/schema\/logo\/image\/"},"sameAs":["https:\/\/www.facebook.com\/Minerve-Assurances-109771241497345"]}]}},"_links":{"self":[{"href":"https:\/\/www.minerve-assu.fr\/assurances\/index.php\/wp-json\/wp\/v2\/pages\/538","targetHints":{"allow":["GET"]}}],"collection":[{"href":"https:\/\/www.minerve-assu.fr\/assurances\/index.php\/wp-json\/wp\/v2\/pages"}],"about":[{"href":"https:\/\/www.minerve-assu.fr\/assurances\/index.php\/wp-json\/wp\/v2\/types\/page"}],"author":[{"embeddable":true,"href":"https:\/\/www.minerve-assu.fr\/assurances\/index.php\/wp-json\/wp\/v2\/users\/1"}],"replies":[{"embeddable":true,"href":"https:\/\/www.minerve-assu.fr\/assurances\/index.php\/wp-json\/wp\/v2\/comments?post=538"}],"version-history":[{"count":2,"href":"https:\/\/www.minerve-assu.fr\/assurances\/index.php\/wp-json\/wp\/v2\/pages\/538\/revisions"}],"predecessor-version":[{"id":550,"href":"https:\/\/www.minerve-assu.fr\/assurances\/index.php\/wp-json\/wp\/v2\/pages\/538\/revisions\/550"}],"wp:attachment":[{"href":"https:\/\/www.minerve-assu.fr\/assurances\/index.php\/wp-json\/wp\/v2\/media?parent=538"}],"curies":[{"name":"wp","href":"https:\/\/api.w.org\/{rel}","templated":true}]}}