{"id":56,"date":"2021-09-15T13:32:18","date_gmt":"2021-09-15T11:32:18","guid":{"rendered":"https:\/\/www.minerve-assu.fr\/assurances\/?page_id=56"},"modified":"2021-09-15T13:32:18","modified_gmt":"2021-09-15T11:32:18","slug":"rgpd","status":"publish","type":"page","link":"https:\/\/www.minerve-assu.fr\/assurances\/index.php\/rgpd\/","title":{"rendered":"RGPD"},"content":{"rendered":"\n<p>La protection de la vie priv\u00e9e et des donn\u00e9es personnelles<\/p>\n\n\n\n<p>Le Site collecte les informations personnelles fournies par les Utilisateurs \u00e0 l\u2019occasion de leur visite sur le Site. Cette collecte permet : L\u2019\u00e9tablissement de statistiques g\u00e9n\u00e9rales sur le trafic sur le Site ; L\u2019envoi vers les adresses mails fournies par les Utilisateurs de r\u00e9ponses, d\u2019informations diverses ou annonces provenant de l\u2019Editeur. La collecte et le traitement des informations personnelles sur Internet doivent se faire dans le respect des droits fondamentaux des personnes. Par cons\u00e9quent, l\u2019Editeur s\u2019engage \u00e0 une politique de traitement en conformit\u00e9 avec la loi n\u00b02004-575 du 21 juin 2004 pour la confiance dans l\u2019\u00e9conomie num\u00e9rique. Tout utilisateur du Site dispose d\u2019un droit d\u2019acc\u00e8s, modification, de rectification ou de suppression aux donn\u00e9es personnelles le concernant. Il peut exercer ces droits en contactant l\u2019Editeur aux coordonn\u00e9es indiqu\u00e9es en haut de page. Pour faciliter l\u2019exercice de ces droits, les Utilisateurs du Site peuvent se d\u00e9sinscrire en cliquant sur les liens hypertextes de d\u00e9sinscription pr\u00e9sents sur les mails adress\u00e9s. Les ordinateurs se connectant aux serveurs du Site re\u00e7oivent sur leur disque dur un ou plusieurs fichiers au format texte tr\u00e8s l\u00e9gers appel\u00e9s commun\u00e9ment \u201d Cookies \u201c. Les cookies enregistrent des informations relatives \u00e0 la navigation sur le Site effectu\u00e9e \u00e0 partir de l\u2019ordinateur sur lequel est stock\u00e9 le \u201ccookie\u201d (les pages consult\u00e9es, la date et l\u2019heure de la consultation, etc.). Ils permettent d\u2019identifier les visites successives faites \u00e0 partir d\u2019un m\u00eame ordinateur. Les personnes connect\u00e9es au Site ont la libert\u00e9 de s\u2019opposer \u00e0 l\u2019enregistrement de \u201ccookies\u201d. Pour se faire, elles peuvent employer les fonctionnalit\u00e9s correspondantes sur leur navigateur. Cependant, l\u2019Editeur attire l\u2019attention des Utilisateurs que, dans un tel cas, l\u2019acc\u00e8s \u00e0 certains services du Site peut se r\u00e9v\u00e9ler alt\u00e9r\u00e9e, voire impossible.<\/p>\n\n\n\n<p>La s\u00e9curit\u00e9 des \u00e9changes<\/p>\n\n\n\n<p>L\u2019Editeur s\u2019engage \u00e0 prendre toutes les mesures juridiques et techniques pour s\u00e9curiser les \u00e9changes. A ce titre, L\u2019Editeur s\u2019engage \u00e0 une obligation de moyen pour bloquer les d\u00e9tournements de donn\u00e9es, et \u00e0 respecter les r\u00e9glementations applicables. N\u00e9anmoins, les Utilisateurs du Site connaissent les particularit\u00e9s techniques du r\u00e9seau Internet et les risques aff\u00e9rents. Par cons\u00e9quent, L\u2019Editeur ne peut garantir \u00e0 ses Utilisateurs que les donn\u00e9es \u00e9chang\u00e9es via les services propos\u00e9s par le Site ne soient pas r\u00e9colt\u00e9es de fa\u00e7on frauduleuse par des tiers.<\/p>\n\n\n\n<p>Les droits de propri\u00e9t\u00e9 intellectuelle<\/p>\n\n\n\n<p>L\u2019Editeur est titulaire de droits concernant certaines donn\u00e9es prot\u00e9g\u00e9es par le Code de la propri\u00e9t\u00e9 intellectuelle. Il en est notamment ainsi pour sa ou ses marques, sa charte graphique, sa base de donn\u00e9es. Par cons\u00e9quent, leur exploitation offline ou online, \u00e0 titre gratuit ou on\u00e9reux, de tout ou partie de ces donn\u00e9es sans le consentement expresse de l\u2019Editeur est interdite.<\/p>\n\n\n\n<p>Droit applicable<\/p>\n\n\n\n<p>Le pr\u00e9sent texte est soumis au droit fran\u00e7ais. L\u2019Editeur se r\u00e9serve le droit d\u2019en amender \u00e0 tout moment les termes, conditions et mentions d\u2019avertissement.<\/p>\n\n\n\n<p>Protection des donn\u00e9es<\/p>\n\n\n\n<p>MINERVE ASSURANCES n\u2019enregistre pas d\u2019informations personnelles permettant l\u2019identification, \u00e0 l\u2019exception des formulaires que l\u2019utilisateur est libre de remplir.<\/p>\n\n\n\n<p>Ces informations ne seront pas utilis\u00e9es sans votre accord, nous les utiliserons seulement pour vous adresser des courriers, des brochures, des devis ou vous contacter.<\/p>\n\n\n\n<p>Les informations recueillies sur les sites b\u00e9n\u00e9ficient de la protection de la loi \u00ab Informatique et Libert\u00e9s \u00bb n\u00b0 78-17 du 06 janvier 1978.<\/p>\n\n\n\n<p>Elles b\u00e9n\u00e9ficient d\u2019un droit d\u2019acc\u00e8s, de rectification, d\u2019opposition \u00e0 communication et de suppression sur simple demande \u00e0 MINERVE ASSURANCES n\u2019enregistre pas d\u2019informations personnelles permettant l\u2019identification, \u00e0 l\u2019exception des formulaires que l\u2019utilisateur est libre de remplir. <\/p>\n\n\n\n<p>   MINERVE ASSURANCES ,  pourra proc\u00e9der \u00e0 des analyses statistiques sans que celles-ci soient nominatives et pourra en informer des tiers (organismes d\u2019\u00e9valuation de fr\u00e9quentation) sous une forme r\u00e9sum\u00e9e et non nominative.<\/p>\n","protected":false},"excerpt":{"rendered":"<p>La protection de la vie priv\u00e9e et des donn\u00e9es personnelles Le Site collecte les informations personnelles fournies par les Utilisateurs \u00e0 l\u2019occasion de leur visite sur le Site. Cette collecte [&hellip;]<\/p>\n","protected":false},"author":1,"featured_media":0,"parent":0,"menu_order":0,"comment_status":"closed","ping_status":"closed","template":"","meta":{"footnotes":""},"class_list":["post-56","page","type-page","status-publish","hentry"],"yoast_head":"<!-- This site is optimized with the Yoast SEO plugin v26.4 - https:\/\/yoast.com\/wordpress\/plugins\/seo\/ -->\n<title>RGPD - Minerve assurances<\/title>\n<meta name=\"robots\" content=\"index, follow, max-snippet:-1, max-image-preview:large, max-video-preview:-1\" \/>\n<link rel=\"canonical\" href=\"https:\/\/www.minerve-assu.fr\/assurances\/index.php\/rgpd\/\" \/>\n<meta property=\"og:locale\" content=\"fr_FR\" \/>\n<meta property=\"og:type\" content=\"article\" \/>\n<meta property=\"og:title\" content=\"RGPD - Minerve assurances\" \/>\n<meta property=\"og:description\" content=\"La protection de la vie priv\u00e9e et des donn\u00e9es personnelles Le Site collecte les informations personnelles fournies par les Utilisateurs \u00e0 l\u2019occasion de leur visite sur le Site. Cette collecte [&hellip;]\" \/>\n<meta property=\"og:url\" content=\"https:\/\/www.minerve-assu.fr\/assurances\/index.php\/rgpd\/\" \/>\n<meta property=\"og:site_name\" content=\"Minerve assurances\" \/>\n<meta property=\"article:publisher\" content=\"https:\/\/www.facebook.com\/Minerve-Assurances-109771241497345\" \/>\n<meta name=\"twitter:card\" content=\"summary_large_image\" \/>\n<meta name=\"twitter:label1\" content=\"Dur\u00e9e de lecture estim\u00e9e\" \/>\n\t<meta name=\"twitter:data1\" content=\"3 minutes\" \/>\n<script type=\"application\/ld+json\" class=\"yoast-schema-graph\">{\"@context\":\"https:\/\/schema.org\",\"@graph\":[{\"@type\":\"WebPage\",\"@id\":\"https:\/\/www.minerve-assu.fr\/assurances\/index.php\/rgpd\/\",\"url\":\"https:\/\/www.minerve-assu.fr\/assurances\/index.php\/rgpd\/\",\"name\":\"RGPD - Minerve assurances\",\"isPartOf\":{\"@id\":\"https:\/\/www.minerve-assu.fr\/assurances\/#website\"},\"datePublished\":\"2021-09-15T11:32:18+00:00\",\"breadcrumb\":{\"@id\":\"https:\/\/www.minerve-assu.fr\/assurances\/index.php\/rgpd\/#breadcrumb\"},\"inLanguage\":\"fr-FR\",\"potentialAction\":[{\"@type\":\"ReadAction\",\"target\":[\"https:\/\/www.minerve-assu.fr\/assurances\/index.php\/rgpd\/\"]}]},{\"@type\":\"BreadcrumbList\",\"@id\":\"https:\/\/www.minerve-assu.fr\/assurances\/index.php\/rgpd\/#breadcrumb\",\"itemListElement\":[{\"@type\":\"ListItem\",\"position\":1,\"name\":\"Accueil\",\"item\":\"https:\/\/www.minerve-assu.fr\/assurances\/\"},{\"@type\":\"ListItem\",\"position\":2,\"name\":\"RGPD\"}]},{\"@type\":\"WebSite\",\"@id\":\"https:\/\/www.minerve-assu.fr\/assurances\/#website\",\"url\":\"https:\/\/www.minerve-assu.fr\/assurances\/\",\"name\":\"Minerve assurances\",\"description\":\"Groupe SAGESSE Bourges Tel: 06 31 68 11 92\",\"publisher\":{\"@id\":\"https:\/\/www.minerve-assu.fr\/assurances\/#organization\"},\"potentialAction\":[{\"@type\":\"SearchAction\",\"target\":{\"@type\":\"EntryPoint\",\"urlTemplate\":\"https:\/\/www.minerve-assu.fr\/assurances\/?s={search_term_string}\"},\"query-input\":{\"@type\":\"PropertyValueSpecification\",\"valueRequired\":true,\"valueName\":\"search_term_string\"}}],\"inLanguage\":\"fr-FR\"},{\"@type\":\"Organization\",\"@id\":\"https:\/\/www.minerve-assu.fr\/assurances\/#organization\",\"name\":\"MINERVE ASSURANCES\",\"url\":\"https:\/\/www.minerve-assu.fr\/assurances\/\",\"logo\":{\"@type\":\"ImageObject\",\"inLanguage\":\"fr-FR\",\"@id\":\"https:\/\/www.minerve-assu.fr\/assurances\/#\/schema\/logo\/image\/\",\"url\":\"https:\/\/www.minerve-assu.fr\/assurances\/wp-content\/uploads\/2021\/05\/ch1.png\",\"contentUrl\":\"https:\/\/www.minerve-assu.fr\/assurances\/wp-content\/uploads\/2021\/05\/ch1.png\",\"width\":173,\"height\":84,\"caption\":\"MINERVE ASSURANCES\"},\"image\":{\"@id\":\"https:\/\/www.minerve-assu.fr\/assurances\/#\/schema\/logo\/image\/\"},\"sameAs\":[\"https:\/\/www.facebook.com\/Minerve-Assurances-109771241497345\"]}]}<\/script>\n<!-- \/ Yoast SEO plugin. -->","yoast_head_json":{"title":"RGPD - Minerve assurances","robots":{"index":"index","follow":"follow","max-snippet":"max-snippet:-1","max-image-preview":"max-image-preview:large","max-video-preview":"max-video-preview:-1"},"canonical":"https:\/\/www.minerve-assu.fr\/assurances\/index.php\/rgpd\/","og_locale":"fr_FR","og_type":"article","og_title":"RGPD - Minerve assurances","og_description":"La protection de la vie priv\u00e9e et des donn\u00e9es personnelles Le Site collecte les informations personnelles fournies par les Utilisateurs \u00e0 l\u2019occasion de leur visite sur le Site. Cette collecte [&hellip;]","og_url":"https:\/\/www.minerve-assu.fr\/assurances\/index.php\/rgpd\/","og_site_name":"Minerve assurances","article_publisher":"https:\/\/www.facebook.com\/Minerve-Assurances-109771241497345","twitter_card":"summary_large_image","twitter_misc":{"Dur\u00e9e de lecture estim\u00e9e":"3 minutes"},"schema":{"@context":"https:\/\/schema.org","@graph":[{"@type":"WebPage","@id":"https:\/\/www.minerve-assu.fr\/assurances\/index.php\/rgpd\/","url":"https:\/\/www.minerve-assu.fr\/assurances\/index.php\/rgpd\/","name":"RGPD - Minerve assurances","isPartOf":{"@id":"https:\/\/www.minerve-assu.fr\/assurances\/#website"},"datePublished":"2021-09-15T11:32:18+00:00","breadcrumb":{"@id":"https:\/\/www.minerve-assu.fr\/assurances\/index.php\/rgpd\/#breadcrumb"},"inLanguage":"fr-FR","potentialAction":[{"@type":"ReadAction","target":["https:\/\/www.minerve-assu.fr\/assurances\/index.php\/rgpd\/"]}]},{"@type":"BreadcrumbList","@id":"https:\/\/www.minerve-assu.fr\/assurances\/index.php\/rgpd\/#breadcrumb","itemListElement":[{"@type":"ListItem","position":1,"name":"Accueil","item":"https:\/\/www.minerve-assu.fr\/assurances\/"},{"@type":"ListItem","position":2,"name":"RGPD"}]},{"@type":"WebSite","@id":"https:\/\/www.minerve-assu.fr\/assurances\/#website","url":"https:\/\/www.minerve-assu.fr\/assurances\/","name":"Minerve assurances","description":"Groupe SAGESSE Bourges Tel: 06 31 68 11 92","publisher":{"@id":"https:\/\/www.minerve-assu.fr\/assurances\/#organization"},"potentialAction":[{"@type":"SearchAction","target":{"@type":"EntryPoint","urlTemplate":"https:\/\/www.minerve-assu.fr\/assurances\/?s={search_term_string}"},"query-input":{"@type":"PropertyValueSpecification","valueRequired":true,"valueName":"search_term_string"}}],"inLanguage":"fr-FR"},{"@type":"Organization","@id":"https:\/\/www.minerve-assu.fr\/assurances\/#organization","name":"MINERVE ASSURANCES","url":"https:\/\/www.minerve-assu.fr\/assurances\/","logo":{"@type":"ImageObject","inLanguage":"fr-FR","@id":"https:\/\/www.minerve-assu.fr\/assurances\/#\/schema\/logo\/image\/","url":"https:\/\/www.minerve-assu.fr\/assurances\/wp-content\/uploads\/2021\/05\/ch1.png","contentUrl":"https:\/\/www.minerve-assu.fr\/assurances\/wp-content\/uploads\/2021\/05\/ch1.png","width":173,"height":84,"caption":"MINERVE ASSURANCES"},"image":{"@id":"https:\/\/www.minerve-assu.fr\/assurances\/#\/schema\/logo\/image\/"},"sameAs":["https:\/\/www.facebook.com\/Minerve-Assurances-109771241497345"]}]}},"_links":{"self":[{"href":"https:\/\/www.minerve-assu.fr\/assurances\/index.php\/wp-json\/wp\/v2\/pages\/56","targetHints":{"allow":["GET"]}}],"collection":[{"href":"https:\/\/www.minerve-assu.fr\/assurances\/index.php\/wp-json\/wp\/v2\/pages"}],"about":[{"href":"https:\/\/www.minerve-assu.fr\/assurances\/index.php\/wp-json\/wp\/v2\/types\/page"}],"author":[{"embeddable":true,"href":"https:\/\/www.minerve-assu.fr\/assurances\/index.php\/wp-json\/wp\/v2\/users\/1"}],"replies":[{"embeddable":true,"href":"https:\/\/www.minerve-assu.fr\/assurances\/index.php\/wp-json\/wp\/v2\/comments?post=56"}],"version-history":[{"count":2,"href":"https:\/\/www.minerve-assu.fr\/assurances\/index.php\/wp-json\/wp\/v2\/pages\/56\/revisions"}],"predecessor-version":[{"id":515,"href":"https:\/\/www.minerve-assu.fr\/assurances\/index.php\/wp-json\/wp\/v2\/pages\/56\/revisions\/515"}],"wp:attachment":[{"href":"https:\/\/www.minerve-assu.fr\/assurances\/index.php\/wp-json\/wp\/v2\/media?parent=56"}],"curies":[{"name":"wp","href":"https:\/\/api.w.org\/{rel}","templated":true}]}}