{"id":92,"date":"2021-09-16T11:02:53","date_gmt":"2021-09-16T09:02:53","guid":{"rendered":"https:\/\/www.minerve-assu.fr\/assurances\/?page_id=92"},"modified":"2024-08-01T20:00:44","modified_gmt":"2024-08-01T18:00:44","slug":"maison-voitures","status":"publish","type":"page","link":"https:\/\/www.minerve-assu.fr\/assurances\/index.php\/maison-voitures\/","title":{"rendered":"Les biens"},"content":{"rendered":"\n<p>Nos domaines d&rsquo;intervention:<\/p>\n\n\n\n<ul class=\"wp-block-list\">\n<li>Automobiles(de la flotte de voitures anciennes \u00e0 la voiture de prestige)<\/li>\n\n\n\n<li>Habitations<\/li>\n\n\n\n<li>Immeuble propri\u00e9taire non occupant<\/li>\n\n\n\n<li>Garantie locative<\/li>\n\n\n\n<li>Plaisance<\/li>\n\n\n\n<li>2 roues<\/li>\n\n\n\n<li>Quads<\/li>\n\n\n\n<li>Camping-cars et caravanes<\/li>\n\n\n\n<li>Appareils mobiles et connect\u00e9s<\/li>\n\n\n\n<li>Nouveaux V\u00e9hicules Electriques Individuels (trottinettes \u00e9lectriques, gyropodes, hoverboards, scooters \u00e9lectriques ultral\u00e9gers, \u2026)<\/li>\n\n\n\n<li>Instruments de musique<\/li>\n<\/ul>\n\n\n<div class=\"wp-block-image\">\n<figure class=\"alignleft size-large\"><img loading=\"lazy\" decoding=\"async\" width=\"1024\" height=\"683\" src=\"https:\/\/www.minerve-assu.fr\/assurances\/wp-content\/uploads\/2021\/05\/courtier-d-assurance-1024x683.jpg\" alt=\"\" class=\"wp-image-28\" srcset=\"https:\/\/www.minerve-assu.fr\/assurances\/wp-content\/uploads\/2021\/05\/courtier-d-assurance-1024x683.jpg 1024w, https:\/\/www.minerve-assu.fr\/assurances\/wp-content\/uploads\/2021\/05\/courtier-d-assurance-300x200.jpg 300w, https:\/\/www.minerve-assu.fr\/assurances\/wp-content\/uploads\/2021\/05\/courtier-d-assurance-768x512.jpg 768w, https:\/\/www.minerve-assu.fr\/assurances\/wp-content\/uploads\/2021\/05\/courtier-d-assurance-1536x1024.jpg 1536w, https:\/\/www.minerve-assu.fr\/assurances\/wp-content\/uploads\/2021\/05\/courtier-d-assurance.jpg 1920w\" sizes=\"auto, (max-width: 1024px) 100vw, 1024px\" \/><\/figure><\/div>","protected":false},"excerpt":{"rendered":"<p>Nos domaines d&rsquo;intervention:<\/p>\n","protected":false},"author":1,"featured_media":0,"parent":0,"menu_order":0,"comment_status":"closed","ping_status":"closed","template":"","meta":{"footnotes":""},"class_list":["post-92","page","type-page","status-publish","hentry"],"yoast_head":"<!-- This site is optimized with the Yoast SEO plugin v26.4 - https:\/\/yoast.com\/wordpress\/plugins\/seo\/ -->\n<title>Les biens - Minerve assurances<\/title>\n<meta name=\"description\" content=\"Automobile ou motos anciennes, ou de prestiges Habitations,\" \/>\n<meta name=\"robots\" content=\"index, follow, max-snippet:-1, max-image-preview:large, max-video-preview:-1\" \/>\n<link rel=\"canonical\" href=\"https:\/\/www.minerve-assu.fr\/assurances\/index.php\/maison-voitures\/\" \/>\n<meta property=\"og:locale\" content=\"fr_FR\" \/>\n<meta property=\"og:type\" content=\"article\" \/>\n<meta property=\"og:title\" content=\"Les biens - Minerve assurances\" \/>\n<meta property=\"og:description\" content=\"Automobile ou motos anciennes, ou de prestiges Habitations,\" \/>\n<meta property=\"og:url\" content=\"https:\/\/www.minerve-assu.fr\/assurances\/index.php\/maison-voitures\/\" \/>\n<meta property=\"og:site_name\" content=\"Minerve assurances\" \/>\n<meta property=\"article:publisher\" content=\"https:\/\/www.facebook.com\/Minerve-Assurances-109771241497345\" \/>\n<meta property=\"article:modified_time\" content=\"2024-08-01T18:00:44+00:00\" \/>\n<meta property=\"og:image\" content=\"https:\/\/www.minerve-assu.fr\/assurances\/wp-content\/uploads\/2021\/05\/courtier-d-assurance-1024x683.jpg\" \/>\n<meta name=\"twitter:card\" content=\"summary_large_image\" \/>\n<meta name=\"twitter:label1\" content=\"Dur\u00e9e de lecture estim\u00e9e\" \/>\n\t<meta name=\"twitter:data1\" content=\"1 minute\" \/>\n<script type=\"application\/ld+json\" class=\"yoast-schema-graph\">{\"@context\":\"https:\/\/schema.org\",\"@graph\":[{\"@type\":\"WebPage\",\"@id\":\"https:\/\/www.minerve-assu.fr\/assurances\/index.php\/maison-voitures\/\",\"url\":\"https:\/\/www.minerve-assu.fr\/assurances\/index.php\/maison-voitures\/\",\"name\":\"Les biens - Minerve assurances\",\"isPartOf\":{\"@id\":\"https:\/\/www.minerve-assu.fr\/assurances\/#website\"},\"primaryImageOfPage\":{\"@id\":\"https:\/\/www.minerve-assu.fr\/assurances\/index.php\/maison-voitures\/#primaryimage\"},\"image\":{\"@id\":\"https:\/\/www.minerve-assu.fr\/assurances\/index.php\/maison-voitures\/#primaryimage\"},\"thumbnailUrl\":\"https:\/\/www.minerve-assu.fr\/assurances\/wp-content\/uploads\/2021\/05\/courtier-d-assurance-1024x683.jpg\",\"datePublished\":\"2021-09-16T09:02:53+00:00\",\"dateModified\":\"2024-08-01T18:00:44+00:00\",\"description\":\"Automobile ou motos anciennes, ou de prestiges Habitations,\",\"breadcrumb\":{\"@id\":\"https:\/\/www.minerve-assu.fr\/assurances\/index.php\/maison-voitures\/#breadcrumb\"},\"inLanguage\":\"fr-FR\",\"potentialAction\":[{\"@type\":\"ReadAction\",\"target\":[\"https:\/\/www.minerve-assu.fr\/assurances\/index.php\/maison-voitures\/\"]}]},{\"@type\":\"ImageObject\",\"inLanguage\":\"fr-FR\",\"@id\":\"https:\/\/www.minerve-assu.fr\/assurances\/index.php\/maison-voitures\/#primaryimage\",\"url\":\"https:\/\/www.minerve-assu.fr\/assurances\/wp-content\/uploads\/2021\/05\/courtier-d-assurance.jpg\",\"contentUrl\":\"https:\/\/www.minerve-assu.fr\/assurances\/wp-content\/uploads\/2021\/05\/courtier-d-assurance.jpg\",\"width\":1920,\"height\":1280,\"caption\":\"Courtier d\u2019assurance sp\u00e9cialiste des \u00c9tablissements Sociaux et des Associations\"},{\"@type\":\"BreadcrumbList\",\"@id\":\"https:\/\/www.minerve-assu.fr\/assurances\/index.php\/maison-voitures\/#breadcrumb\",\"itemListElement\":[{\"@type\":\"ListItem\",\"position\":1,\"name\":\"Accueil\",\"item\":\"https:\/\/www.minerve-assu.fr\/assurances\/\"},{\"@type\":\"ListItem\",\"position\":2,\"name\":\"Les biens\"}]},{\"@type\":\"WebSite\",\"@id\":\"https:\/\/www.minerve-assu.fr\/assurances\/#website\",\"url\":\"https:\/\/www.minerve-assu.fr\/assurances\/\",\"name\":\"Minerve assurances\",\"description\":\"Groupe SAGESSE Bourges Tel: 06 31 68 11 92\",\"publisher\":{\"@id\":\"https:\/\/www.minerve-assu.fr\/assurances\/#organization\"},\"potentialAction\":[{\"@type\":\"SearchAction\",\"target\":{\"@type\":\"EntryPoint\",\"urlTemplate\":\"https:\/\/www.minerve-assu.fr\/assurances\/?s={search_term_string}\"},\"query-input\":{\"@type\":\"PropertyValueSpecification\",\"valueRequired\":true,\"valueName\":\"search_term_string\"}}],\"inLanguage\":\"fr-FR\"},{\"@type\":\"Organization\",\"@id\":\"https:\/\/www.minerve-assu.fr\/assurances\/#organization\",\"name\":\"MINERVE ASSURANCES\",\"url\":\"https:\/\/www.minerve-assu.fr\/assurances\/\",\"logo\":{\"@type\":\"ImageObject\",\"inLanguage\":\"fr-FR\",\"@id\":\"https:\/\/www.minerve-assu.fr\/assurances\/#\/schema\/logo\/image\/\",\"url\":\"https:\/\/www.minerve-assu.fr\/assurances\/wp-content\/uploads\/2021\/05\/ch1.png\",\"contentUrl\":\"https:\/\/www.minerve-assu.fr\/assurances\/wp-content\/uploads\/2021\/05\/ch1.png\",\"width\":173,\"height\":84,\"caption\":\"MINERVE ASSURANCES\"},\"image\":{\"@id\":\"https:\/\/www.minerve-assu.fr\/assurances\/#\/schema\/logo\/image\/\"},\"sameAs\":[\"https:\/\/www.facebook.com\/Minerve-Assurances-109771241497345\"]}]}<\/script>\n<!-- \/ Yoast SEO plugin. -->","yoast_head_json":{"title":"Les biens - Minerve assurances","description":"Automobile ou motos anciennes, ou de prestiges Habitations,","robots":{"index":"index","follow":"follow","max-snippet":"max-snippet:-1","max-image-preview":"max-image-preview:large","max-video-preview":"max-video-preview:-1"},"canonical":"https:\/\/www.minerve-assu.fr\/assurances\/index.php\/maison-voitures\/","og_locale":"fr_FR","og_type":"article","og_title":"Les biens - Minerve assurances","og_description":"Automobile ou motos anciennes, ou de prestiges Habitations,","og_url":"https:\/\/www.minerve-assu.fr\/assurances\/index.php\/maison-voitures\/","og_site_name":"Minerve assurances","article_publisher":"https:\/\/www.facebook.com\/Minerve-Assurances-109771241497345","article_modified_time":"2024-08-01T18:00:44+00:00","og_image":[{"url":"https:\/\/www.minerve-assu.fr\/assurances\/wp-content\/uploads\/2021\/05\/courtier-d-assurance-1024x683.jpg","type":"","width":"","height":""}],"twitter_card":"summary_large_image","twitter_misc":{"Dur\u00e9e de lecture estim\u00e9e":"1 minute"},"schema":{"@context":"https:\/\/schema.org","@graph":[{"@type":"WebPage","@id":"https:\/\/www.minerve-assu.fr\/assurances\/index.php\/maison-voitures\/","url":"https:\/\/www.minerve-assu.fr\/assurances\/index.php\/maison-voitures\/","name":"Les biens - Minerve assurances","isPartOf":{"@id":"https:\/\/www.minerve-assu.fr\/assurances\/#website"},"primaryImageOfPage":{"@id":"https:\/\/www.minerve-assu.fr\/assurances\/index.php\/maison-voitures\/#primaryimage"},"image":{"@id":"https:\/\/www.minerve-assu.fr\/assurances\/index.php\/maison-voitures\/#primaryimage"},"thumbnailUrl":"https:\/\/www.minerve-assu.fr\/assurances\/wp-content\/uploads\/2021\/05\/courtier-d-assurance-1024x683.jpg","datePublished":"2021-09-16T09:02:53+00:00","dateModified":"2024-08-01T18:00:44+00:00","description":"Automobile ou motos anciennes, ou de prestiges Habitations,","breadcrumb":{"@id":"https:\/\/www.minerve-assu.fr\/assurances\/index.php\/maison-voitures\/#breadcrumb"},"inLanguage":"fr-FR","potentialAction":[{"@type":"ReadAction","target":["https:\/\/www.minerve-assu.fr\/assurances\/index.php\/maison-voitures\/"]}]},{"@type":"ImageObject","inLanguage":"fr-FR","@id":"https:\/\/www.minerve-assu.fr\/assurances\/index.php\/maison-voitures\/#primaryimage","url":"https:\/\/www.minerve-assu.fr\/assurances\/wp-content\/uploads\/2021\/05\/courtier-d-assurance.jpg","contentUrl":"https:\/\/www.minerve-assu.fr\/assurances\/wp-content\/uploads\/2021\/05\/courtier-d-assurance.jpg","width":1920,"height":1280,"caption":"Courtier d\u2019assurance sp\u00e9cialiste des \u00c9tablissements Sociaux et des Associations"},{"@type":"BreadcrumbList","@id":"https:\/\/www.minerve-assu.fr\/assurances\/index.php\/maison-voitures\/#breadcrumb","itemListElement":[{"@type":"ListItem","position":1,"name":"Accueil","item":"https:\/\/www.minerve-assu.fr\/assurances\/"},{"@type":"ListItem","position":2,"name":"Les biens"}]},{"@type":"WebSite","@id":"https:\/\/www.minerve-assu.fr\/assurances\/#website","url":"https:\/\/www.minerve-assu.fr\/assurances\/","name":"Minerve assurances","description":"Groupe SAGESSE Bourges Tel: 06 31 68 11 92","publisher":{"@id":"https:\/\/www.minerve-assu.fr\/assurances\/#organization"},"potentialAction":[{"@type":"SearchAction","target":{"@type":"EntryPoint","urlTemplate":"https:\/\/www.minerve-assu.fr\/assurances\/?s={search_term_string}"},"query-input":{"@type":"PropertyValueSpecification","valueRequired":true,"valueName":"search_term_string"}}],"inLanguage":"fr-FR"},{"@type":"Organization","@id":"https:\/\/www.minerve-assu.fr\/assurances\/#organization","name":"MINERVE ASSURANCES","url":"https:\/\/www.minerve-assu.fr\/assurances\/","logo":{"@type":"ImageObject","inLanguage":"fr-FR","@id":"https:\/\/www.minerve-assu.fr\/assurances\/#\/schema\/logo\/image\/","url":"https:\/\/www.minerve-assu.fr\/assurances\/wp-content\/uploads\/2021\/05\/ch1.png","contentUrl":"https:\/\/www.minerve-assu.fr\/assurances\/wp-content\/uploads\/2021\/05\/ch1.png","width":173,"height":84,"caption":"MINERVE ASSURANCES"},"image":{"@id":"https:\/\/www.minerve-assu.fr\/assurances\/#\/schema\/logo\/image\/"},"sameAs":["https:\/\/www.facebook.com\/Minerve-Assurances-109771241497345"]}]}},"_links":{"self":[{"href":"https:\/\/www.minerve-assu.fr\/assurances\/index.php\/wp-json\/wp\/v2\/pages\/92","targetHints":{"allow":["GET"]}}],"collection":[{"href":"https:\/\/www.minerve-assu.fr\/assurances\/index.php\/wp-json\/wp\/v2\/pages"}],"about":[{"href":"https:\/\/www.minerve-assu.fr\/assurances\/index.php\/wp-json\/wp\/v2\/types\/page"}],"author":[{"embeddable":true,"href":"https:\/\/www.minerve-assu.fr\/assurances\/index.php\/wp-json\/wp\/v2\/users\/1"}],"replies":[{"embeddable":true,"href":"https:\/\/www.minerve-assu.fr\/assurances\/index.php\/wp-json\/wp\/v2\/comments?post=92"}],"version-history":[{"count":6,"href":"https:\/\/www.minerve-assu.fr\/assurances\/index.php\/wp-json\/wp\/v2\/pages\/92\/revisions"}],"predecessor-version":[{"id":601,"href":"https:\/\/www.minerve-assu.fr\/assurances\/index.php\/wp-json\/wp\/v2\/pages\/92\/revisions\/601"}],"wp:attachment":[{"href":"https:\/\/www.minerve-assu.fr\/assurances\/index.php\/wp-json\/wp\/v2\/media?parent=92"}],"curies":[{"name":"wp","href":"https:\/\/api.w.org\/{rel}","templated":true}]}}