{"id":97,"date":"2021-09-16T11:08:23","date_gmt":"2021-09-16T09:08:23","guid":{"rendered":"https:\/\/www.minerve-assu.fr\/assurances\/?page_id=97"},"modified":"2024-07-31T21:03:26","modified_gmt":"2024-07-31T19:03:26","slug":"responsabilites-locataire","status":"publish","type":"page","link":"https:\/\/www.minerve-assu.fr\/assurances\/index.php\/responsabilites-locataire\/","title":{"rendered":"Les responsabilit\u00e9s"},"content":{"rendered":"\n<p>Nos domaines d&rsquo;intervention:<\/p>\n\n\n\n<ul class=\"wp-block-list\">\n<li>Responsabilit\u00e9 civile de la vie priv\u00e9e<\/li>\n<\/ul>\n\n\n\n<p class=\"has-text-align-center\">La responsabilit\u00e9 civile est l&rsquo;obligation de r\u00e9parer les dommages caus\u00e9s \u00e0 autrui.<\/p>\n\n\n\n<p class=\"has-text-align-center\"> En mati\u00e8re d&rsquo;assurance habitation, il s&rsquo;agit de r\u00e9parer les dommages caus\u00e9s par un \u00e9l\u00e9ment de votre logement\u00a0: fuite d&rsquo;eau, chute d&rsquo;arbre, chute de mur, incendie, etc&#8230;\u00a0<\/p>\n\n\n\n<ul class=\"wp-block-list\">\n<li>Protection juridique<\/li>\n<\/ul>\n\n\n\n<p class=\"has-text-align-center\">La garantie \u00ab\u00a0protection juridique\u00a0\u00bb est une assurance qui vous permet, en cas de litige avec un tiers ou en cas de proc\u00e9dure de justice, d&rsquo;obtenir une aide de votre assureur.<\/p>\n\n\n<div class=\"wp-block-image\">\n<figure class=\"aligncenter size-full is-resized\"><img loading=\"lazy\" decoding=\"async\" width=\"261\" height=\"193\" src=\"https:\/\/www.minerve-assu.fr\/assurances\/wp-content\/uploads\/2021\/10\/images.jpg\" alt=\"\" class=\"wp-image-211\" style=\"width:372px;height:276px\"\/><\/figure><\/div>","protected":false},"excerpt":{"rendered":"<p>Nos domaines d&rsquo;intervention: La responsabilit\u00e9 civile est l&rsquo;obligation de r\u00e9parer les dommages caus\u00e9s \u00e0 autrui. En mati\u00e8re d&rsquo;assurance habitation, il s&rsquo;agit de r\u00e9parer les dommages caus\u00e9s par un \u00e9l\u00e9ment de [&hellip;]<\/p>\n","protected":false},"author":1,"featured_media":0,"parent":0,"menu_order":0,"comment_status":"closed","ping_status":"closed","template":"","meta":{"footnotes":""},"class_list":["post-97","page","type-page","status-publish","hentry"],"yoast_head":"<!-- This site is optimized with the Yoast SEO plugin v26.4 - https:\/\/yoast.com\/wordpress\/plugins\/seo\/ -->\n<title>Les responsabilit\u00e9s - Minerve assurances<\/title>\n<meta name=\"robots\" content=\"index, follow, max-snippet:-1, max-image-preview:large, max-video-preview:-1\" \/>\n<link rel=\"canonical\" href=\"https:\/\/www.minerve-assu.fr\/assurances\/index.php\/responsabilites-locataire\/\" \/>\n<meta property=\"og:locale\" content=\"fr_FR\" \/>\n<meta property=\"og:type\" content=\"article\" \/>\n<meta property=\"og:title\" content=\"Les responsabilit\u00e9s - Minerve assurances\" \/>\n<meta property=\"og:description\" content=\"Nos domaines d&rsquo;intervention: La responsabilit\u00e9 civile est l&rsquo;obligation de r\u00e9parer les dommages caus\u00e9s \u00e0 autrui. En mati\u00e8re d&rsquo;assurance habitation, il s&rsquo;agit de r\u00e9parer les dommages caus\u00e9s par un \u00e9l\u00e9ment de [&hellip;]\" \/>\n<meta property=\"og:url\" content=\"https:\/\/www.minerve-assu.fr\/assurances\/index.php\/responsabilites-locataire\/\" \/>\n<meta property=\"og:site_name\" content=\"Minerve assurances\" \/>\n<meta property=\"article:publisher\" content=\"https:\/\/www.facebook.com\/Minerve-Assurances-109771241497345\" \/>\n<meta property=\"article:modified_time\" content=\"2024-07-31T19:03:26+00:00\" \/>\n<meta property=\"og:image\" content=\"https:\/\/www.minerve-assu.fr\/assurances\/wp-content\/uploads\/2021\/10\/images.jpg\" \/>\n<meta name=\"twitter:card\" content=\"summary_large_image\" \/>\n<meta name=\"twitter:label1\" content=\"Dur\u00e9e de lecture estim\u00e9e\" \/>\n\t<meta name=\"twitter:data1\" content=\"1 minute\" \/>\n<script type=\"application\/ld+json\" class=\"yoast-schema-graph\">{\"@context\":\"https:\/\/schema.org\",\"@graph\":[{\"@type\":\"WebPage\",\"@id\":\"https:\/\/www.minerve-assu.fr\/assurances\/index.php\/responsabilites-locataire\/\",\"url\":\"https:\/\/www.minerve-assu.fr\/assurances\/index.php\/responsabilites-locataire\/\",\"name\":\"Les responsabilit\u00e9s - Minerve assurances\",\"isPartOf\":{\"@id\":\"https:\/\/www.minerve-assu.fr\/assurances\/#website\"},\"primaryImageOfPage\":{\"@id\":\"https:\/\/www.minerve-assu.fr\/assurances\/index.php\/responsabilites-locataire\/#primaryimage\"},\"image\":{\"@id\":\"https:\/\/www.minerve-assu.fr\/assurances\/index.php\/responsabilites-locataire\/#primaryimage\"},\"thumbnailUrl\":\"https:\/\/www.minerve-assu.fr\/assurances\/wp-content\/uploads\/2021\/10\/images.jpg\",\"datePublished\":\"2021-09-16T09:08:23+00:00\",\"dateModified\":\"2024-07-31T19:03:26+00:00\",\"breadcrumb\":{\"@id\":\"https:\/\/www.minerve-assu.fr\/assurances\/index.php\/responsabilites-locataire\/#breadcrumb\"},\"inLanguage\":\"fr-FR\",\"potentialAction\":[{\"@type\":\"ReadAction\",\"target\":[\"https:\/\/www.minerve-assu.fr\/assurances\/index.php\/responsabilites-locataire\/\"]}]},{\"@type\":\"ImageObject\",\"inLanguage\":\"fr-FR\",\"@id\":\"https:\/\/www.minerve-assu.fr\/assurances\/index.php\/responsabilites-locataire\/#primaryimage\",\"url\":\"https:\/\/www.minerve-assu.fr\/assurances\/wp-content\/uploads\/2021\/10\/images.jpg\",\"contentUrl\":\"https:\/\/www.minerve-assu.fr\/assurances\/wp-content\/uploads\/2021\/10\/images.jpg\",\"width\":261,\"height\":193},{\"@type\":\"BreadcrumbList\",\"@id\":\"https:\/\/www.minerve-assu.fr\/assurances\/index.php\/responsabilites-locataire\/#breadcrumb\",\"itemListElement\":[{\"@type\":\"ListItem\",\"position\":1,\"name\":\"Accueil\",\"item\":\"https:\/\/www.minerve-assu.fr\/assurances\/\"},{\"@type\":\"ListItem\",\"position\":2,\"name\":\"Les responsabilit\u00e9s\"}]},{\"@type\":\"WebSite\",\"@id\":\"https:\/\/www.minerve-assu.fr\/assurances\/#website\",\"url\":\"https:\/\/www.minerve-assu.fr\/assurances\/\",\"name\":\"Minerve assurances\",\"description\":\"Groupe SAGESSE Bourges Tel: 06 31 68 11 92\",\"publisher\":{\"@id\":\"https:\/\/www.minerve-assu.fr\/assurances\/#organization\"},\"potentialAction\":[{\"@type\":\"SearchAction\",\"target\":{\"@type\":\"EntryPoint\",\"urlTemplate\":\"https:\/\/www.minerve-assu.fr\/assurances\/?s={search_term_string}\"},\"query-input\":{\"@type\":\"PropertyValueSpecification\",\"valueRequired\":true,\"valueName\":\"search_term_string\"}}],\"inLanguage\":\"fr-FR\"},{\"@type\":\"Organization\",\"@id\":\"https:\/\/www.minerve-assu.fr\/assurances\/#organization\",\"name\":\"MINERVE ASSURANCES\",\"url\":\"https:\/\/www.minerve-assu.fr\/assurances\/\",\"logo\":{\"@type\":\"ImageObject\",\"inLanguage\":\"fr-FR\",\"@id\":\"https:\/\/www.minerve-assu.fr\/assurances\/#\/schema\/logo\/image\/\",\"url\":\"https:\/\/www.minerve-assu.fr\/assurances\/wp-content\/uploads\/2021\/05\/ch1.png\",\"contentUrl\":\"https:\/\/www.minerve-assu.fr\/assurances\/wp-content\/uploads\/2021\/05\/ch1.png\",\"width\":173,\"height\":84,\"caption\":\"MINERVE ASSURANCES\"},\"image\":{\"@id\":\"https:\/\/www.minerve-assu.fr\/assurances\/#\/schema\/logo\/image\/\"},\"sameAs\":[\"https:\/\/www.facebook.com\/Minerve-Assurances-109771241497345\"]}]}<\/script>\n<!-- \/ Yoast SEO plugin. -->","yoast_head_json":{"title":"Les responsabilit\u00e9s - Minerve assurances","robots":{"index":"index","follow":"follow","max-snippet":"max-snippet:-1","max-image-preview":"max-image-preview:large","max-video-preview":"max-video-preview:-1"},"canonical":"https:\/\/www.minerve-assu.fr\/assurances\/index.php\/responsabilites-locataire\/","og_locale":"fr_FR","og_type":"article","og_title":"Les responsabilit\u00e9s - Minerve assurances","og_description":"Nos domaines d&rsquo;intervention: La responsabilit\u00e9 civile est l&rsquo;obligation de r\u00e9parer les dommages caus\u00e9s \u00e0 autrui. En mati\u00e8re d&rsquo;assurance habitation, il s&rsquo;agit de r\u00e9parer les dommages caus\u00e9s par un \u00e9l\u00e9ment de [&hellip;]","og_url":"https:\/\/www.minerve-assu.fr\/assurances\/index.php\/responsabilites-locataire\/","og_site_name":"Minerve assurances","article_publisher":"https:\/\/www.facebook.com\/Minerve-Assurances-109771241497345","article_modified_time":"2024-07-31T19:03:26+00:00","og_image":[{"url":"https:\/\/www.minerve-assu.fr\/assurances\/wp-content\/uploads\/2021\/10\/images.jpg","type":"","width":"","height":""}],"twitter_card":"summary_large_image","twitter_misc":{"Dur\u00e9e de lecture estim\u00e9e":"1 minute"},"schema":{"@context":"https:\/\/schema.org","@graph":[{"@type":"WebPage","@id":"https:\/\/www.minerve-assu.fr\/assurances\/index.php\/responsabilites-locataire\/","url":"https:\/\/www.minerve-assu.fr\/assurances\/index.php\/responsabilites-locataire\/","name":"Les responsabilit\u00e9s - Minerve assurances","isPartOf":{"@id":"https:\/\/www.minerve-assu.fr\/assurances\/#website"},"primaryImageOfPage":{"@id":"https:\/\/www.minerve-assu.fr\/assurances\/index.php\/responsabilites-locataire\/#primaryimage"},"image":{"@id":"https:\/\/www.minerve-assu.fr\/assurances\/index.php\/responsabilites-locataire\/#primaryimage"},"thumbnailUrl":"https:\/\/www.minerve-assu.fr\/assurances\/wp-content\/uploads\/2021\/10\/images.jpg","datePublished":"2021-09-16T09:08:23+00:00","dateModified":"2024-07-31T19:03:26+00:00","breadcrumb":{"@id":"https:\/\/www.minerve-assu.fr\/assurances\/index.php\/responsabilites-locataire\/#breadcrumb"},"inLanguage":"fr-FR","potentialAction":[{"@type":"ReadAction","target":["https:\/\/www.minerve-assu.fr\/assurances\/index.php\/responsabilites-locataire\/"]}]},{"@type":"ImageObject","inLanguage":"fr-FR","@id":"https:\/\/www.minerve-assu.fr\/assurances\/index.php\/responsabilites-locataire\/#primaryimage","url":"https:\/\/www.minerve-assu.fr\/assurances\/wp-content\/uploads\/2021\/10\/images.jpg","contentUrl":"https:\/\/www.minerve-assu.fr\/assurances\/wp-content\/uploads\/2021\/10\/images.jpg","width":261,"height":193},{"@type":"BreadcrumbList","@id":"https:\/\/www.minerve-assu.fr\/assurances\/index.php\/responsabilites-locataire\/#breadcrumb","itemListElement":[{"@type":"ListItem","position":1,"name":"Accueil","item":"https:\/\/www.minerve-assu.fr\/assurances\/"},{"@type":"ListItem","position":2,"name":"Les responsabilit\u00e9s"}]},{"@type":"WebSite","@id":"https:\/\/www.minerve-assu.fr\/assurances\/#website","url":"https:\/\/www.minerve-assu.fr\/assurances\/","name":"Minerve assurances","description":"Groupe SAGESSE Bourges Tel: 06 31 68 11 92","publisher":{"@id":"https:\/\/www.minerve-assu.fr\/assurances\/#organization"},"potentialAction":[{"@type":"SearchAction","target":{"@type":"EntryPoint","urlTemplate":"https:\/\/www.minerve-assu.fr\/assurances\/?s={search_term_string}"},"query-input":{"@type":"PropertyValueSpecification","valueRequired":true,"valueName":"search_term_string"}}],"inLanguage":"fr-FR"},{"@type":"Organization","@id":"https:\/\/www.minerve-assu.fr\/assurances\/#organization","name":"MINERVE ASSURANCES","url":"https:\/\/www.minerve-assu.fr\/assurances\/","logo":{"@type":"ImageObject","inLanguage":"fr-FR","@id":"https:\/\/www.minerve-assu.fr\/assurances\/#\/schema\/logo\/image\/","url":"https:\/\/www.minerve-assu.fr\/assurances\/wp-content\/uploads\/2021\/05\/ch1.png","contentUrl":"https:\/\/www.minerve-assu.fr\/assurances\/wp-content\/uploads\/2021\/05\/ch1.png","width":173,"height":84,"caption":"MINERVE ASSURANCES"},"image":{"@id":"https:\/\/www.minerve-assu.fr\/assurances\/#\/schema\/logo\/image\/"},"sameAs":["https:\/\/www.facebook.com\/Minerve-Assurances-109771241497345"]}]}},"_links":{"self":[{"href":"https:\/\/www.minerve-assu.fr\/assurances\/index.php\/wp-json\/wp\/v2\/pages\/97","targetHints":{"allow":["GET"]}}],"collection":[{"href":"https:\/\/www.minerve-assu.fr\/assurances\/index.php\/wp-json\/wp\/v2\/pages"}],"about":[{"href":"https:\/\/www.minerve-assu.fr\/assurances\/index.php\/wp-json\/wp\/v2\/types\/page"}],"author":[{"embeddable":true,"href":"https:\/\/www.minerve-assu.fr\/assurances\/index.php\/wp-json\/wp\/v2\/users\/1"}],"replies":[{"embeddable":true,"href":"https:\/\/www.minerve-assu.fr\/assurances\/index.php\/wp-json\/wp\/v2\/comments?post=97"}],"version-history":[{"count":7,"href":"https:\/\/www.minerve-assu.fr\/assurances\/index.php\/wp-json\/wp\/v2\/pages\/97\/revisions"}],"predecessor-version":[{"id":590,"href":"https:\/\/www.minerve-assu.fr\/assurances\/index.php\/wp-json\/wp\/v2\/pages\/97\/revisions\/590"}],"wp:attachment":[{"href":"https:\/\/www.minerve-assu.fr\/assurances\/index.php\/wp-json\/wp\/v2\/media?parent=97"}],"curies":[{"name":"wp","href":"https:\/\/api.w.org\/{rel}","templated":true}]}}